{"id":1350,"date":"2026-03-06T14:56:04","date_gmt":"2026-03-06T19:56:04","guid":{"rendered":"https:\/\/diabetemonteregie.com\/?post_type=product&#038;p=1350"},"modified":"2026-03-06T14:57:19","modified_gmt":"2026-03-06T19:57:19","slug":"soutenir-le-camp-pour-enfants-diabetiques-100","status":"publish","type":"product","link":"https:\/\/diabetemonteregie.com\/en\/product\/soutenir-le-camp-pour-enfants-diabetiques-100\/","title":{"rendered":"Soutenir le Camp pour enfants diab\u00e9tiques \u2013 100 $"},"content":{"rendered":"<h1 data-section-id=\"1f2fkl6\" data-start=\"658\" data-end=\"678\">Description longue<\/h1>\n<p data-start=\"680\" data-end=\"837\">Faire un don \u00e0 <strong data-start=\"695\" data-end=\"717\">Diab\u00e8te Mont\u00e9r\u00e9gie<\/strong>, c\u2019est contribuer directement \u00e0 am\u00e9liorer la qualit\u00e9 de vie des personnes vivant avec le diab\u00e8te dans notre communaut\u00e9.<\/p>\n<p data-start=\"839\" data-end=\"903\">Gr\u00e2ce \u00e0 votre soutien, notre organisme peut continuer \u00e0 offrir :<\/p>\n<p data-start=\"905\" data-end=\"1136\">\u2022 des activit\u00e9s d\u2019information et de sensibilisation<br data-start=\"956\" data-end=\"959\" \/>\u2022 du soutien aux personnes vivant avec le diab\u00e8te et \u00e0 leurs proches<br data-start=\"1027\" data-end=\"1030\" \/>\u2022 des conf\u00e9rences et ateliers \u00e9ducatifs<br data-start=\"1069\" data-end=\"1072\" \/>\u2022 des ressources pour mieux vivre avec la maladie au quotidien<\/p>\n<p data-start=\"1138\" data-end=\"1284\">Chaque contribution, peu importe le montant, permet de soutenir nos actions et de renforcer les services offerts \u00e0 la population de la Mont\u00e9r\u00e9gie.<\/p>\n<p data-start=\"1286\" data-end=\"1382\">Nous vous remercions sinc\u00e8rement pour votre g\u00e9n\u00e9rosit\u00e9 et votre engagement envers la communaut\u00e9.<\/p>","protected":false},"excerpt":{"rendered":"<p data-start=\"351\" data-end=\"604\">Soutenez la mission de <strong data-start=\"374\" data-end=\"396\">Diab\u00e8te Mont\u00e9r\u00e9gie<\/strong> en faisant un don. Votre contribution permet d\u2019offrir des services d\u2019information, de soutien et d\u2019accompagnement aux personnes vivant avec le diab\u00e8te ainsi qu\u2019\u00e0 leurs proches dans la r\u00e9gion de la Mont\u00e9r\u00e9gie.<\/p>\n<p data-start=\"606\" data-end=\"651\">Votre paiement est trait\u00e9 de fa\u00e7on s\u00e9curis\u00e9e.<\/p>","protected":false},"featured_media":0,"template":"","meta":[],"product_brand":[],"product_cat":[28],"product_tag":[],"class_list":{"0":"post-1350","1":"product","2":"type-product","3":"status-publish","5":"product_cat-soutenir-le-camp-pour-enfants-diabetiques","7":"first","8":"instock","9":"virtual","10":"sold-individually","11":"purchasable","12":"product-type-simple"},"_links":{"self":[{"href":"https:\/\/diabetemonteregie.com\/en\/wp-json\/wp\/v2\/product\/1350","targetHints":{"allow":["GET"]}}],"collection":[{"href":"https:\/\/diabetemonteregie.com\/en\/wp-json\/wp\/v2\/product"}],"about":[{"href":"https:\/\/diabetemonteregie.com\/en\/wp-json\/wp\/v2\/types\/product"}],"wp:attachment":[{"href":"https:\/\/diabetemonteregie.com\/en\/wp-json\/wp\/v2\/media?parent=1350"}],"wp:term":[{"taxonomy":"product_brand","embeddable":true,"href":"https:\/\/diabetemonteregie.com\/en\/wp-json\/wp\/v2\/product_brand?post=1350"},{"taxonomy":"product_cat","embeddable":true,"href":"https:\/\/diabetemonteregie.com\/en\/wp-json\/wp\/v2\/product_cat?post=1350"},{"taxonomy":"product_tag","embeddable":true,"href":"https:\/\/diabetemonteregie.com\/en\/wp-json\/wp\/v2\/product_tag?post=1350"}],"curies":[{"name":"wp","href":"https:\/\/api.w.org\/{rel}","templated":true}]}}