{"id":1143,"date":"2026-02-18T12:53:32","date_gmt":"2026-02-18T17:53:32","guid":{"rendered":"https:\/\/diabetemonteregie.com\/?post_type=product&#038;p=1143"},"modified":"2026-02-23T20:22:48","modified_gmt":"2026-02-24T01:22:48","slug":"adhesion-annuelle-valable-12-mois","status":"publish","type":"product","link":"https:\/\/diabetemonteregie.com\/en\/product\/adhesion-annuelle-valable-12-mois\/","title":{"rendered":"Adh\u00e9sion annuelle \u2013 valable jusqu&rsquo;au 31 d\u00e9cembre de chaque ann\u00e9e"},"content":{"rendered":"<p>Votre adh\u00e9sion soutient notre mission et vous permet de recevoir nos communications et informations exclusives pendant un an.<\/p>","protected":false},"excerpt":{"rendered":"<p>Votre adh\u00e9sion soutient notre mission et vous permet de recevoir nos communications et informations exclusives pendant un an.<\/p>","protected":false},"featured_media":0,"template":"","meta":[],"product_brand":[],"product_cat":[26],"product_tag":[],"class_list":{"0":"post-1143","1":"product","2":"type-product","3":"status-publish","5":"product_cat-non-classe","7":"first","8":"instock","9":"downloadable","10":"virtual","11":"sold-individually","12":"purchasable","13":"product-type-simple"},"_links":{"self":[{"href":"https:\/\/diabetemonteregie.com\/en\/wp-json\/wp\/v2\/product\/1143","targetHints":{"allow":["GET"]}}],"collection":[{"href":"https:\/\/diabetemonteregie.com\/en\/wp-json\/wp\/v2\/product"}],"about":[{"href":"https:\/\/diabetemonteregie.com\/en\/wp-json\/wp\/v2\/types\/product"}],"wp:attachment":[{"href":"https:\/\/diabetemonteregie.com\/en\/wp-json\/wp\/v2\/media?parent=1143"}],"wp:term":[{"taxonomy":"product_brand","embeddable":true,"href":"https:\/\/diabetemonteregie.com\/en\/wp-json\/wp\/v2\/product_brand?post=1143"},{"taxonomy":"product_cat","embeddable":true,"href":"https:\/\/diabetemonteregie.com\/en\/wp-json\/wp\/v2\/product_cat?post=1143"},{"taxonomy":"product_tag","embeddable":true,"href":"https:\/\/diabetemonteregie.com\/en\/wp-json\/wp\/v2\/product_tag?post=1143"}],"curies":[{"name":"wp","href":"https:\/\/api.w.org\/{rel}","templated":true}]}}