{"id":807,"date":"2025-09-18T00:26:28","date_gmt":"2025-09-18T04:26:28","guid":{"rendered":"https:\/\/diabetemonteregie.com\/?page_id=807"},"modified":"2026-04-10T10:03:35","modified_gmt":"2026-04-10T14:03:35","slug":"journal-ledito","status":"publish","type":"page","link":"https:\/\/diabetemonteregie.com\/en\/journal-ledito\/","title":{"rendered":"Journal L&rsquo;\u00c9dito"},"content":{"rendered":"<div data-elementor-type=\"wp-page\" data-elementor-id=\"807\" class=\"elementor elementor-807\" data-elementor-post-type=\"page\">\n\t\t\t\t<div class=\"elementor-element elementor-element-2f63763 e-flex e-con-boxed e-con e-parent\" data-id=\"2f63763\" data-element_type=\"container\">\n\t\t\t\t\t<div class=\"e-con-inner\">\n\t\t\t\t<div class=\"elementor-element elementor-element-5b16c1d elementor-widget__width-inherit elementor-widget elementor-widget-shortcode\" data-id=\"5b16c1d\" data-element_type=\"widget\" data-widget_type=\"shortcode.default\">\n\t\t\t\t\t\t\t<div class=\"elementor-shortcode\"><div class=\"_3d-flip-book  fb3d-fullscreen-mode full-size\" data-id=\"1408\" data-mode=\"fullscreen\" data-title=\"false\" data-template=\"short-white-book-view\" data-lightbox=\"dark-shadow\" data-urlparam=\"fb3d-page\" data-page-n=\"0\" data-pdf=\"\" data-tax=\"null\" data-thumbnail=\"\" data-cols=\"3\" data-book-template=\"default\" data-trigger=\"\"><\/div><script type=\"text\/javascript\">window.FB3D_CLIENT_DATA = window.FB3D_CLIENT_DATA || [];FB3D_CLIENT_DATA.push('eyJwb3N0cyI6eyIxNDA4Ijp7IklEIjoxNDA4LCJ0aXRsZSI6IkxcdTIwMTlcdTAwZTlkaXRvIEF2cmlsIDIwMjYiLCJ0eXBlIjoicGRmIiwicmVhZHlfZnVuY3Rpb24iOiIiLCJib29rX3N0eWxlIjoiZmxhdCIsImJvb2tfdGVtcGxhdGUiOiJub25lIiwib3V0bGluZSI6W10sImRhdGEiOnsicG9zdF9JRCI6IjE0MDkiLCJndWlkIjoiaHR0cHM6XC9cL2RpYWJldGVtb250ZXJlZ2llLmNvbVwvd3AtY29udGVudFwvdXBsb2Fkc1wvMjAyNlwvMDRcL0xFZGl0by1BdnJpbC0yMDI2LnBkZiIsInBkZl9wYWdlcyI6IjEyIiwicGFnZXNfY3VzdG9taXphdGlvbiI6Im5vbmUifSwidGh1bWJuYWlsIjp7ImRhdGEiOnsicG9zdF9JRCI6IjAifSwidHlwZSI6ImF1dG8ifSwicHJvcHMiOnsiYmFja2dyb3VuZENvbG9yIjoiYXV0byIsImJhY2tncm91bmRJbWFnZSI6ImF1dG8iLCJiYWNrZ3JvdW5kU3R5bGUiOiJhdXRvIiwiaGlnaGxpZ2h0TGlua3MiOiJhdXRvIiwibGlnaHRpbmciOiJhdXRvIiwic2luZ2xlUGFnZU1vZGUiOiJhdXRvIiwiY2FjaGVkUGFnZXMiOiJhdXRvIiwicmVuZGVySW5hY3RpdmVQYWdlcyI6ImF1dG8iLCJyZW5kZXJJbmFjdGl2ZVBhZ2VzT25Nb2JpbGUiOiJhdXRvIiwicmVuZGVyV2hpbGVGbGlwcGluZyI6ImF1dG8iLCJwcmVsb2FkUGFnZXMiOiJhdXRvIiwiYXV0b1BsYXlEdXJhdGlvbiI6ImF1dG8iLCJydGwiOiJhdXRvIiwiaW50ZXJhY3RpdmVDb3JuZXJzIjoiYXV0byIsIm1heERlcHRoIjoiYXV0byIsInNoZWV0Ijp7InN0YXJ0VmVsb2NpdHkiOiJhdXRvIiwid2F2ZSI6ImF1dG8iLCJzaGFwZSI6ImF1dG8iLCJ3aWR0aFRleGVscyI6ImF1dG8iLCJjb2xvciI6ImF1dG8iLCJzaWRlIjoiYXV0byIsInN0cmV0Y2hJbWFnZXMiOiJhdXRvIiwiY29ybmVyRGV2aWF0aW9uIjoiYXV0byIsImZsZXhpYmlsaXR5IjoiYXV0byIsImZsZXhpYmxlQ29ybmVyIjoiYXV0byIsImJlbmRpbmciOiJhdXRvIiwiaGVpZ2h0VGV4ZWxzIjoiYXV0byJ9LCJjb3ZlciI6eyJ3YXZlIjoiYXV0byIsImNvbG9yIjoiYXV0byIsInNpZGUiOiJhdXRvIiwic3RyZXRjaEltYWdlcyI6ImF1dG8iLCJiaW5kZXJUZXh0dXJlIjoiYXV0byIsImRlcHRoIjoiYXV0byIsInBhZGRpbmciOiJhdXRvIiwic3RhcnRWZWxvY2l0eSI6ImF1dG8iLCJmbGV4aWJpbGl0eSI6ImF1dG8iLCJmbGV4aWJsZUNvcm5lciI6ImF1dG8iLCJiZW5kaW5nIjoiYXV0byIsIndpZHRoVGV4ZWxzIjoiYXV0byIsImhlaWdodFRleGVscyI6ImF1dG8iLCJtYXNzIjoiYXV0byIsInNoYXBlIjoiYXV0byJ9LCJwYWdlIjp7IndhdmUiOiJhdXRvIiwiY29sb3IiOiJhdXRvIiwic2lkZSI6ImF1dG8iLCJzdHJldGNoSW1hZ2VzIjoiYXV0byIsImRlcHRoIjoiYXV0byIsInN0YXJ0VmVsb2NpdHkiOiJhdXRvIiwiZmxleGliaWxpdHkiOiJhdXRvIiwiZmxleGlibGVDb3JuZXIiOiJhdXRvIiwiYmVuZGluZyI6ImF1dG8iLCJ3aWR0aFRleGVscyI6ImF1dG8iLCJoZWlnaHRUZXhlbHMiOiJhdXRvIiwibWFzcyI6ImF1dG8iLCJzaGFwZSI6ImF1dG8ifSwiaGVpZ2h0IjoiYXV0byIsIndpZHRoIjoiYXV0byIsImdyYXZpdHkiOiJhdXRvIiwicGFnZXNGb3JQcmVkaWN0aW5nIjoiYXV0byJ9LCJjb250cm9sUHJvcHMiOnsiYWN0aW9ucyI6eyJjbWRUb2MiOnsiZW5hYmxlZCI6ImF1dG8iLCJlbmFibGVkSW5OYXJyb3ciOiJhdXRvIiwiYWN0aXZlIjoiYXV0byIsImRlZmF1bHRUYWIiOiJhdXRvIn0sImNtZEF1dG9QbGF5Ijp7ImVuYWJsZWQiOiJhdXRvIiwiZW5hYmxlZEluTmFycm93IjoiYXV0byIsImFjdGl2ZSI6ImF1dG8ifSwiY21kU2F2ZSI6eyJlbmFibGVkIjoiYXV0byIsImVuYWJsZWRJbk5hcnJvdyI6ImF1dG8ifSwiY21kUHJpbnQiOnsiZW5hYmxlZCI6ImF1dG8iLCJlbmFibGVkSW5OYXJyb3ciOiJhdXRvIn0sImNtZFNpbmdsZVBhZ2UiOnsiZW5hYmxlZCI6ImF1dG8iLCJlbmFibGVkSW5OYXJyb3ciOiJhdXRvIiwiYWN0aXZlIjoiYXV0byIsImFjdGl2ZUZvck1vYmlsZSI6ImF1dG8ifSwid2lkVG9vbGJhciI6eyJlbmFibGVkIjoiYXV0byIsImVuYWJsZWRJbk5hcnJvdyI6ImF1dG8ifX19LCJhdXRvVGh1bWJuYWlsIjoiaHR0cHM6XC9cL2RpYWJldGVtb250ZXJlZ2llLmNvbVwvd3AtY29udGVudFwvdXBsb2Fkc1wvM2QtZmxpcC1ib29rXC9hdXRvLXRodW1ibmFpbHNcLzE0MDgucG5nIiwicG9zdF9uYW1lIjoibGVkaXRvLWF2cmlsLTIwMjYiLCJwb3N0X3R5cGUiOiIzZC1mbGlwLWJvb2sifX0sInBhZ2VzIjpbXSwiZmlyc3RQYWdlcyI6W119');window.FB3D_CLIENT_LOCALE && FB3D_CLIENT_LOCALE.render && FB3D_CLIENT_LOCALE.render();<\/script><\/div>\n\t\t\t\t\t\t<\/div>\n\t\t\t\t\t<\/div>\n\t\t\t\t<\/div>\n\t\t<div class=\"elementor-element elementor-element-30474c4 e-flex e-con-boxed e-con e-parent\" data-id=\"30474c4\" data-element_type=\"container\">\n\t\t\t\t\t<div class=\"e-con-inner\">\n\t\t\t\t<div class=\"elementor-element elementor-element-19585c8 elementor-widget elementor-widget-heading\" data-id=\"19585c8\" data-element_type=\"widget\" data-widget_type=\"heading.default\">\n\t\t\t\t\t<h2 class=\"elementor-heading-title elementor-size-default\">\u00c9ditions pr\u00e9c\u00e9dentes<\/h2>\t\t\t\t<\/div>\n\t\t\t\t\t<\/div>\n\t\t\t\t<\/div>\n\t\t<div class=\"elementor-element elementor-element-b651626 e-flex e-con-boxed e-con e-parent\" data-id=\"b651626\" data-element_type=\"container\">\n\t\t\t\t\t<div class=\"e-con-inner\">\n\t\t<div class=\"elementor-element elementor-element-ca7f500 e-con-full e-flex e-con e-child\" data-id=\"ca7f500\" data-element_type=\"container\">\n\t\t\t\t<div class=\"elementor-element elementor-element-2970cc7 elementor-cta--skin-classic elementor-animated-content elementor-bg-transform elementor-bg-transform-zoom-in elementor-widget elementor-widget-call-to-action\" data-id=\"2970cc7\" data-element_type=\"widget\" data-widget_type=\"call-to-action.default\">\n\t\t\t\t\t\t\t<div class=\"elementor-cta\">\n\t\t\t\t\t\t\t<div class=\"elementor-cta__content\">\n\t\t\t\t\n\t\t\t\t\t\t\t\t\t<h2 class=\"elementor-cta__title elementor-cta__content-item elementor-content-item\">\n\t\t\t\t\t\tL'\u00e9dito #1\t\t\t\t\t<\/h2>\n\t\t\t\t\n\t\t\t\t\t\t\t\t\t<div class=\"elementor-cta__description elementor-cta__content-item elementor-content-item\">\n\t\t\t\t\t\tSeptembre 2025\t\t\t\t\t<\/div>\n\t\t\t\t\n\t\t\t\t\t\t\t\t\t<div class=\"elementor-cta__button-wrapper elementor-cta__content-item elementor-content-item\">\n\t\t\t\t\t<a class=\"elementor-cta__button elementor-button elementor-size-\" href=\"https:\/\/diabetemonteregie.com\/en\/ledito-septembre-2025\/\">\n\t\t\t\t\t\tCliquer ici\t\t\t\t\t<\/a>\n\t\t\t\t\t<\/div>\n\t\t\t\t\t\t\t<\/div>\n\t\t\t\t\t\t<\/div>\n\t\t\t\t\t\t<\/div>\n\t\t\t\t<\/div>\n\t\t<div class=\"elementor-element elementor-element-6ce2de2 e-con-full e-flex e-con e-child\" data-id=\"6ce2de2\" data-element_type=\"container\">\n\t\t\t\t<div class=\"elementor-element elementor-element-bc167d6 elementor-cta--skin-classic elementor-animated-content elementor-bg-transform elementor-bg-transform-zoom-in elementor-widget elementor-widget-call-to-action\" data-id=\"bc167d6\" data-element_type=\"widget\" data-widget_type=\"call-to-action.default\">\n\t\t\t\t\t\t\t<div class=\"elementor-cta\">\n\t\t\t\t\t\t\t<div class=\"elementor-cta__content\">\n\t\t\t\t\n\t\t\t\t\t\t\t\t\t<h2 class=\"elementor-cta__title elementor-cta__content-item elementor-content-item\">\n\t\t\t\t\t\tL'\u00e9dito #2\t\t\t\t\t<\/h2>\n\t\t\t\t\n\t\t\t\t\t\t\t\t\t<div class=\"elementor-cta__description elementor-cta__content-item elementor-content-item\">\n\t\t\t\t\t\tOctobre 2025\t\t\t\t\t<\/div>\n\t\t\t\t\n\t\t\t\t\t\t\t\t\t<div class=\"elementor-cta__button-wrapper elementor-cta__content-item elementor-content-item\">\n\t\t\t\t\t<a class=\"elementor-cta__button elementor-button elementor-size-\" href=\"https:\/\/diabetemonteregie.com\/en\/ledito-octobre-2025\/\">\n\t\t\t\t\t\tCliquer ici\t\t\t\t\t<\/a>\n\t\t\t\t\t<\/div>\n\t\t\t\t\t\t\t<\/div>\n\t\t\t\t\t\t<\/div>\n\t\t\t\t\t\t<\/div>\n\t\t\t\t<\/div>\n\t\t\t\t\t<\/div>\n\t\t\t\t<\/div>\n\t\t<div class=\"elementor-element elementor-element-e8732c8 e-flex e-con-boxed e-con e-parent\" data-id=\"e8732c8\" data-element_type=\"container\">\n\t\t\t\t\t<div class=\"e-con-inner\">\n\t\t<div class=\"elementor-element elementor-element-804c794 e-con-full e-flex e-con e-child\" data-id=\"804c794\" data-element_type=\"container\">\n\t\t\t\t<div class=\"elementor-element elementor-element-41ef5ac elementor-cta--skin-classic elementor-animated-content elementor-bg-transform elementor-bg-transform-zoom-in elementor-widget elementor-widget-call-to-action\" data-id=\"41ef5ac\" data-element_type=\"widget\" data-widget_type=\"call-to-action.default\">\n\t\t\t\t\t\t\t<div class=\"elementor-cta\">\n\t\t\t\t\t\t\t<div class=\"elementor-cta__content\">\n\t\t\t\t\n\t\t\t\t\t\t\t\t\t<h2 class=\"elementor-cta__title elementor-cta__content-item elementor-content-item\">\n\t\t\t\t\t\tL'\u00e9dito #3\t\t\t\t\t<\/h2>\n\t\t\t\t\n\t\t\t\t\t\t\t\t\t<div class=\"elementor-cta__description elementor-cta__content-item elementor-content-item\">\n\t\t\t\t\t\tNovembre 2025\t\t\t\t\t<\/div>\n\t\t\t\t\n\t\t\t\t\t\t\t\t\t<div class=\"elementor-cta__button-wrapper elementor-cta__content-item elementor-content-item\">\n\t\t\t\t\t<a class=\"elementor-cta__button elementor-button elementor-size-\" href=\"https:\/\/diabetemonteregie.com\/en\/ledito-novembre-2025\/\">\n\t\t\t\t\t\tCliquer ici\t\t\t\t\t<\/a>\n\t\t\t\t\t<\/div>\n\t\t\t\t\t\t\t<\/div>\n\t\t\t\t\t\t<\/div>\n\t\t\t\t\t\t<\/div>\n\t\t\t\t<\/div>\n\t\t<div class=\"elementor-element elementor-element-d3b04d3 e-con-full e-flex e-con e-child\" data-id=\"d3b04d3\" data-element_type=\"container\">\n\t\t\t\t<div class=\"elementor-element elementor-element-c7fe631 elementor-cta--skin-classic elementor-animated-content elementor-bg-transform elementor-bg-transform-zoom-in elementor-widget elementor-widget-call-to-action\" data-id=\"c7fe631\" data-element_type=\"widget\" data-widget_type=\"call-to-action.default\">\n\t\t\t\t\t\t\t<div class=\"elementor-cta\">\n\t\t\t\t\t\t\t<div class=\"elementor-cta__content\">\n\t\t\t\t\n\t\t\t\t\t\t\t\t\t<h2 class=\"elementor-cta__title elementor-cta__content-item elementor-content-item\">\n\t\t\t\t\t\tL'\u00e9dito #4\t\t\t\t\t<\/h2>\n\t\t\t\t\n\t\t\t\t\t\t\t\t\t<div class=\"elementor-cta__description elementor-cta__content-item elementor-content-item\">\n\t\t\t\t\t\tD\u00e9cembre 2025\t\t\t\t\t<\/div>\n\t\t\t\t\n\t\t\t\t\t\t\t\t\t<div class=\"elementor-cta__button-wrapper elementor-cta__content-item elementor-content-item\">\n\t\t\t\t\t<a class=\"elementor-cta__button elementor-button elementor-size-\" href=\"https:\/\/diabetemonteregie.com\/en\/ledito-decembre-2025\/\">\n\t\t\t\t\t\tCliquer ici\t\t\t\t\t<\/a>\n\t\t\t\t\t<\/div>\n\t\t\t\t\t\t\t<\/div>\n\t\t\t\t\t\t<\/div>\n\t\t\t\t\t\t<\/div>\n\t\t\t\t<\/div>\n\t\t\t\t\t<\/div>\n\t\t\t\t<\/div>\n\t\t<div class=\"elementor-element elementor-element-4fdffc8 e-flex e-con-boxed e-con e-parent\" data-id=\"4fdffc8\" data-element_type=\"container\">\n\t\t\t\t\t<div class=\"e-con-inner\">\n\t\t<div class=\"elementor-element elementor-element-8da8c9d e-con-full e-flex e-con e-child\" data-id=\"8da8c9d\" data-element_type=\"container\">\n\t\t\t\t<div class=\"elementor-element elementor-element-faa67c4 elementor-cta--skin-classic elementor-animated-content elementor-bg-transform elementor-bg-transform-zoom-in elementor-widget elementor-widget-call-to-action\" data-id=\"faa67c4\" data-element_type=\"widget\" data-widget_type=\"call-to-action.default\">\n\t\t\t\t\t\t\t<div class=\"elementor-cta\">\n\t\t\t\t\t\t\t<div class=\"elementor-cta__content\">\n\t\t\t\t\n\t\t\t\t\t\t\t\t\t<h2 class=\"elementor-cta__title elementor-cta__content-item elementor-content-item\">\n\t\t\t\t\t\tL'\u00e9dito #5\t\t\t\t\t<\/h2>\n\t\t\t\t\n\t\t\t\t\t\t\t\t\t<div class=\"elementor-cta__description elementor-cta__content-item elementor-content-item\">\n\t\t\t\t\t\tJanvier 2026\t\t\t\t\t<\/div>\n\t\t\t\t\n\t\t\t\t\t\t\t\t\t<div class=\"elementor-cta__button-wrapper elementor-cta__content-item elementor-content-item\">\n\t\t\t\t\t<a class=\"elementor-cta__button elementor-button elementor-size-\" href=\"https:\/\/diabetemonteregie.com\/wp-content\/uploads\/2026\/01\/LEdito-Janvier-2026.pdf\">\n\t\t\t\t\t\tCliquer ici\t\t\t\t\t<\/a>\n\t\t\t\t\t<\/div>\n\t\t\t\t\t\t\t<\/div>\n\t\t\t\t\t\t<\/div>\n\t\t\t\t\t\t<\/div>\n\t\t\t\t<\/div>\n\t\t<div class=\"elementor-element elementor-element-782c113 e-con-full e-flex e-con e-child\" data-id=\"782c113\" data-element_type=\"container\">\n\t\t\t\t<div class=\"elementor-element elementor-element-9887aac elementor-cta--skin-classic elementor-animated-content elementor-bg-transform elementor-bg-transform-zoom-in elementor-widget elementor-widget-call-to-action\" data-id=\"9887aac\" data-element_type=\"widget\" data-widget_type=\"call-to-action.default\">\n\t\t\t\t\t\t\t<div class=\"elementor-cta\">\n\t\t\t\t\t\t\t<div class=\"elementor-cta__content\">\n\t\t\t\t\n\t\t\t\t\t\t\t\t\t<h2 class=\"elementor-cta__title elementor-cta__content-item elementor-content-item\">\n\t\t\t\t\t\tL'\u00e9dito #6\t\t\t\t\t<\/h2>\n\t\t\t\t\n\t\t\t\t\t\t\t\t\t<div class=\"elementor-cta__description elementor-cta__content-item elementor-content-item\">\n\t\t\t\t\t\tF\u00e9vrier 2026\t\t\t\t\t<\/div>\n\t\t\t\t\n\t\t\t\t\t\t\t\t\t<div class=\"elementor-cta__button-wrapper elementor-cta__content-item elementor-content-item\">\n\t\t\t\t\t<a class=\"elementor-cta__button elementor-button elementor-size-\" href=\"https:\/\/diabetemonteregie.com\/en\/3d-flip-book\/ledito-fevrier-2026\/\">\n\t\t\t\t\t\tCliquer ici\t\t\t\t\t<\/a>\n\t\t\t\t\t<\/div>\n\t\t\t\t\t\t\t<\/div>\n\t\t\t\t\t\t<\/div>\n\t\t\t\t\t\t<\/div>\n\t\t\t\t<\/div>\n\t\t\t\t\t<\/div>\n\t\t\t\t<\/div>\n\t\t<div class=\"elementor-element elementor-element-334e598 e-flex e-con-boxed e-con e-parent\" data-id=\"334e598\" data-element_type=\"container\">\n\t\t\t\t\t<div class=\"e-con-inner\">\n\t\t<div class=\"elementor-element elementor-element-f1b3a92 e-con-full e-flex e-con e-child\" data-id=\"f1b3a92\" data-element_type=\"container\">\n\t\t\t\t<div class=\"elementor-element elementor-element-8210729 elementor-cta--skin-classic elementor-animated-content elementor-bg-transform elementor-bg-transform-zoom-in elementor-widget elementor-widget-call-to-action\" data-id=\"8210729\" data-element_type=\"widget\" data-widget_type=\"call-to-action.default\">\n\t\t\t\t\t\t\t<div class=\"elementor-cta\">\n\t\t\t\t\t\t\t<div class=\"elementor-cta__content\">\n\t\t\t\t\n\t\t\t\t\t\t\t\t\t<h2 class=\"elementor-cta__title elementor-cta__content-item elementor-content-item\">\n\t\t\t\t\t\tL'\u00e9dito #7\t\t\t\t\t<\/h2>\n\t\t\t\t\n\t\t\t\t\t\t\t\t\t<div class=\"elementor-cta__description elementor-cta__content-item elementor-content-item\">\n\t\t\t\t\t\tMars 2026\t\t\t\t\t<\/div>\n\t\t\t\t\n\t\t\t\t\t\t\t\t\t<div class=\"elementor-cta__button-wrapper elementor-cta__content-item elementor-content-item\">\n\t\t\t\t\t<a class=\"elementor-cta__button elementor-button elementor-size-\" href=\"https:\/\/diabetemonteregie.com\/en\/3d-flip-book\/ledito-mars-2026\/\">\n\t\t\t\t\t\tCliquer ici\t\t\t\t\t<\/a>\n\t\t\t\t\t<\/div>\n\t\t\t\t\t\t\t<\/div>\n\t\t\t\t\t\t<\/div>\n\t\t\t\t\t\t<\/div>\n\t\t\t\t<\/div>\n\t\t<div class=\"elementor-element elementor-element-07193f8 e-con-full e-flex e-con e-child\" data-id=\"07193f8\" data-element_type=\"container\">\n\t\t\t\t<\/div>\n\t\t\t\t\t<\/div>\n\t\t\t\t<\/div>\n\t\t\t\t<\/div>","protected":false},"excerpt":{"rendered":"<p>\u00c9ditions pr\u00e9c\u00e9dentes L&rsquo;\u00e9dito #1 Septembre 2025 Cliquer ici L&rsquo;\u00e9dito #2 Octobre 2025 Cliquer ici L&rsquo;\u00e9dito #3 Novembre 2025 Cliquer ici L&rsquo;\u00e9dito #4 D\u00e9cembre 2025 Cliquer ici L&rsquo;\u00e9dito #5 Janvier 2026 Cliquer ici L&rsquo;\u00e9dito #6 F\u00e9vrier 2026 Cliquer ici L&rsquo;\u00e9dito #7 Mars 2026 Cliquer ici<\/p>","protected":false},"author":1,"featured_media":0,"parent":0,"menu_order":0,"comment_status":"closed","ping_status":"closed","template":"","meta":{"footnotes":""},"class_list":["post-807","page","type-page","status-publish","hentry"],"_links":{"self":[{"href":"https:\/\/diabetemonteregie.com\/en\/wp-json\/wp\/v2\/pages\/807","targetHints":{"allow":["GET"]}}],"collection":[{"href":"https:\/\/diabetemonteregie.com\/en\/wp-json\/wp\/v2\/pages"}],"about":[{"href":"https:\/\/diabetemonteregie.com\/en\/wp-json\/wp\/v2\/types\/page"}],"author":[{"embeddable":true,"href":"https:\/\/diabetemonteregie.com\/en\/wp-json\/wp\/v2\/users\/1"}],"replies":[{"embeddable":true,"href":"https:\/\/diabetemonteregie.com\/en\/wp-json\/wp\/v2\/comments?post=807"}],"version-history":[{"count":61,"href":"https:\/\/diabetemonteregie.com\/en\/wp-json\/wp\/v2\/pages\/807\/revisions"}],"predecessor-version":[{"id":1416,"href":"https:\/\/diabetemonteregie.com\/en\/wp-json\/wp\/v2\/pages\/807\/revisions\/1416"}],"wp:attachment":[{"href":"https:\/\/diabetemonteregie.com\/en\/wp-json\/wp\/v2\/media?parent=807"}],"curies":[{"name":"wp","href":"https:\/\/api.w.org\/{rel}","templated":true}]}}