{"id":518,"date":"2025-02-07T10:52:37","date_gmt":"2025-02-07T15:52:37","guid":{"rendered":"https:\/\/diabetemonteregie.com\/?page_id=518"},"modified":"2025-09-18T00:45:49","modified_gmt":"2025-09-18T04:45:49","slug":"a-propos","status":"publish","type":"page","link":"https:\/\/diabetemonteregie.com\/en\/a-propos\/","title":{"rendered":"\u00c0 propos"},"content":{"rendered":"<div data-elementor-type=\"wp-page\" data-elementor-id=\"518\" class=\"elementor elementor-518\" data-elementor-post-type=\"page\">\n\t\t\t\t<div class=\"elementor-element elementor-element-34be2e07 e-flex e-con-boxed e-con e-parent\" data-id=\"34be2e07\" data-element_type=\"container\">\n\t\t\t\t\t<div class=\"e-con-inner\">\n\t\t\t\t<div class=\"elementor-element elementor-element-277fb7bc elementor-widget elementor-widget-heading\" data-id=\"277fb7bc\" data-element_type=\"widget\" data-widget_type=\"heading.default\">\n\t\t\t\t\t<h2 class=\"elementor-heading-title elementor-size-default\">\u00c0 propos<\/h2>\t\t\t\t<\/div>\n\t\t\t\t\t<\/div>\n\t\t\t\t<\/div>\n\t\t<div class=\"elementor-element elementor-element-7807fef e-flex e-con-boxed e-con e-parent\" data-id=\"7807fef\" data-element_type=\"container\">\n\t\t\t\t\t<div class=\"e-con-inner\">\n\t\t\t\t<div class=\"elementor-element elementor-element-296a235 elementor-widget elementor-widget-heading\" data-id=\"296a235\" data-element_type=\"widget\" data-widget_type=\"heading.default\">\n\t\t\t\t\t<h2 class=\"elementor-heading-title elementor-size-default\">Notre histoire\n<\/h2>\t\t\t\t<\/div>\n\t\t\t\t<div class=\"elementor-element elementor-element-c666abf elementor-widget elementor-widget-timeline-widget-addon\" data-id=\"c666abf\" data-element_type=\"widget\" data-widget_type=\"timeline-widget-addon.default\">\n\t\t\t\t<div class=\"elementor-widget-container\">\n\t\t\t\t\t<!-- ========= Timeline Widget Addon For Elementor 1.6.18 ========= -->\n<div id=\"twae-wrapper-c666abf\" class=\"twae-vertical twae-wrapper  twae-both-sided\">   \n    <div class=\"twae-start\"><\/div>    \n    <div id=\"twea-timeline-c666abf\" class=\"twae-timeline\" ><!-- Start of Story Repeater Content --><div id=\"story-04f5b6f\" class=\"twae-story twae-repeater-item twae-story-right twae-story-no-icon\"><!-- Story Label --><div class=\"twae-labels\"><div class=\"twae-label-big\">1984 <\/div><\/div><!-- Story Icon --><div class=\"twae-icon\"><i aria-hidden=\"true\" class=\"far fa-clock\"><\/i><\/div><!-- Story Arrow --><div class=\"twae-arrow\"><\/div><!-- Start of Story Content --><div class=\"twae-content\"><!-- Story Title --><div class=\"twae-title\">Fondation<\/div><!-- Story Description --><div class=\"twae-description\"><p>L\u2019Association a \u00e9t\u00e9 fond\u00e9e par un groupe de quatre personnes ayant une probl\u00e9matique commune Le Diab\u00e8te et devient la section Rive-Sud de l\u2019association du Diab\u00e8te du Qu\u00e9bec Inc.<\/p><p>Le pr\u00e9sident fondateur en poste de 1984 \u00e0 1990 Monsieur Raymond Polnicky et jusqu\u2019\u00e0 nos jours 7 pr\u00e9sidents \/ pr\u00e9sidentes se sont succ\u00e9d\u00e9s.<\/p><\/div><\/div><\/div><!-- Start of Story Repeater Content --><div id=\"story-bc8c82f\" class=\"twae-story twae-repeater-item twae-story-left twae-story-no-icon\"><!-- Story Label --><div class=\"twae-labels\"><div class=\"twae-label-big\">1989 <\/div><\/div><!-- Story Icon --><div class=\"twae-icon\"><i aria-hidden=\"true\" class=\"far fa-clock\"><\/i><\/div><!-- Story Arrow --><div class=\"twae-arrow\"><\/div><!-- Start of Story Content --><div class=\"twae-content\"><!-- Story Title --><div class=\"twae-title\">Changement de nom<\/div><!-- Story Description --><div class=\"twae-description\"><div id=\"pp-timeline-6115576dd5aa9-1\" class=\"pp-timeline-item clearfix pp-timeline-item-1\"><div class=\"pp-timeline-content pp-fade\"><div class=\"pp-timeline-text-wrapper\"><div class=\"pp-timeline-text\"><p>Incorporation et changement d\u2019appellation pour Les Diab\u00e9tiques Rive-Sud Inc. Devient un organisme de charit\u00e9 enregistr\u00e9.<\/p><\/div><\/div><\/div><\/div><div id=\"pp-timeline-6115576dd5aa9-2\" class=\"pp-timeline-item clearfix pp-timeline-item-2\"><div class=\"pp-timeline-icon-wrapper\">\u00a0<\/div><\/div><\/div><\/div><\/div><!-- Start of Story Repeater Content --><div id=\"story-f483ee9\" class=\"twae-story twae-repeater-item twae-story-right twae-story-no-icon\"><!-- Story Label --><div class=\"twae-labels\"><div class=\"twae-label-big\">2006 <\/div><\/div><!-- Story Icon --><div class=\"twae-icon\"><i aria-hidden=\"true\" class=\"far fa-clock\"><\/i><\/div><!-- Story Arrow --><div class=\"twae-arrow\"><\/div><!-- Start of Story Content --><div class=\"twae-content\"><!-- Story Title --><div class=\"twae-title\">Changement de nom<\/div><!-- Story Description --><div class=\"twae-description\"><p>Changement au Registre des Entreprises pour DIAB\u00c8TE-Rive-Sud.<\/p><\/div><\/div><\/div><!-- Start of Story Repeater Content --><div id=\"story-bf77b69\" class=\"twae-story twae-repeater-item twae-story-left twae-story-no-icon\"><!-- Story Label --><div class=\"twae-labels\"><div class=\"twae-label-big\">2009 <\/div><\/div><!-- Story Icon --><div class=\"twae-icon\"><i aria-hidden=\"true\" class=\"far fa-clock\"><\/i><\/div><!-- Story Arrow --><div class=\"twae-arrow\"><\/div><!-- Start of Story Content --><div class=\"twae-content\"><!-- Story Title --><div class=\"twae-title\">25i\u00e8me anniversaire<\/div><!-- Story Description --><div class=\"twae-description\"><div id=\"pp-timeline-6115576dd5aa9-3\" class=\"pp-timeline-item clearfix pp-timeline-item-3\"><div class=\"pp-timeline-content pp-fade\"><div class=\"pp-timeline-text-wrapper\"><div class=\"pp-timeline-text\"><p>L'association c\u00e9l\u00e8bre sont 25<sup>i\u00e8me<\/sup>\u00a0anniversaire.<\/p><\/div><\/div><\/div><\/div><div id=\"pp-timeline-6115576dd5aa9-4\" class=\"pp-timeline-item clearfix pp-timeline-item-4\"><div class=\"pp-timeline-icon-wrapper\">\u00a0<\/div><\/div><\/div><\/div><\/div><!-- Start of Story Repeater Content --><div id=\"story-d01b138\" class=\"twae-story twae-repeater-item twae-story-right twae-story-no-icon\"><!-- Story Label --><div class=\"twae-labels\"><div class=\"twae-label-big\">2012-2019<\/div><\/div><!-- Story Icon --><div class=\"twae-icon\"><i aria-hidden=\"true\" class=\"far fa-clock\"><\/i><\/div><!-- Story Arrow --><div class=\"twae-arrow\"><\/div><!-- Start of Story Content --><div class=\"twae-content\"><!-- Story Title --><div class=\"twae-title\">Salon de la Sant\u00e9<\/div><!-- Story Description --><div class=\"twae-description\"><div id=\"pp-timeline-6115576dd5aa9-3\" class=\"pp-timeline-item clearfix pp-timeline-item-3\"><div class=\"pp-timeline-content pp-fade\"><div class=\"pp-timeline-text-wrapper\"><div class=\"pp-timeline-text\"><p>2021 voie le lancement du programme Groupe Participants Solidaires au Diab\u00e8te\u00a0<em>- GPS Diab\u00e8te<\/em><\/p><\/div><\/div><\/div><\/div><\/div><\/div><\/div><!-- Start of Story Repeater Content --><div id=\"story-3c59626\" class=\"twae-story twae-repeater-item twae-story-left twae-story-no-icon\"><!-- Story Label --><div class=\"twae-labels\"><div class=\"twae-label-big\">2022 <\/div><\/div><!-- Story Icon --><div class=\"twae-icon\"><i aria-hidden=\"true\" class=\"far fa-clock\"><\/i><\/div><!-- Story Arrow --><div class=\"twae-arrow\"><\/div><!-- Start of Story Content --><div class=\"twae-content\"><!-- Story Title --><div class=\"twae-title\">Changement de nom<\/div><!-- Story Description --><div class=\"twae-description\"><div id=\"pp-timeline-6115576dd5aa9-3\" class=\"pp-timeline-item clearfix pp-timeline-item-3\"><div class=\"pp-timeline-content pp-fade\"><div class=\"pp-timeline-text-wrapper\"><div class=\"pp-timeline-text\"><p><strong>1 juin :<\/strong>\u00a0Changement du Statut de l'association qui devient une corporation autonome &amp; ind\u00e9pendante dans ses actions &amp; assure pleinement les services aupr\u00e8s des diab\u00e9tiques de la Mont\u00e9r\u00e9gie.<\/p><p><strong>1 octobre :<\/strong>\u00a0Parution du premier Journal INFO GPS-Journal pour les membres GPS Diab\u00e8te que se veut une parution d\u2019informations pour les diab\u00e9tiques. Les chroniques d\u2019INFO GPS informations et guide sur diff\u00e9rents sujets d\u2019actualit\u00e9s sur le diab\u00e8te.<\/p><p><strong>20 octobre :<\/strong>\u00a0Changement de nom de l'association au Registre des Entreprises pour Diab\u00e8te Mont\u00e9r\u00e9gie.<\/p><\/div><\/div><\/div><\/div><\/div><\/div><\/div><!-- Start of Story Repeater Content --><div id=\"story-322a716\" class=\"twae-story twae-repeater-item twae-story-right twae-story-no-icon\"><!-- Story Label --><div class=\"twae-labels\"><div class=\"twae-label-big\">2023 <\/div><\/div><!-- Story Icon --><div class=\"twae-icon\"><i aria-hidden=\"true\" class=\"far fa-clock\"><\/i><\/div><!-- Story Arrow --><div class=\"twae-arrow\"><\/div><!-- Start of Story Content --><div class=\"twae-content\"><!-- Story Title --><div class=\"twae-title\">D\u00e9m\u00e9nagement<\/div><\/div><\/div><!-- Start of Story Repeater Content --><div id=\"story-32b615b\" class=\"twae-story twae-repeater-item twae-story-left twae-story-no-icon\"><!-- Story Label --><div class=\"twae-labels\"><div class=\"twae-label-big\">2024<\/div><\/div><!-- Story Icon --><div class=\"twae-icon\"><i aria-hidden=\"true\" class=\"far fa-clock\"><\/i><\/div><!-- Story Arrow --><div class=\"twae-arrow\"><\/div><!-- Start of Story Content --><div class=\"twae-content\"><!-- Story Title --><div class=\"twae-title\"> 40ieme anniverssaire<\/div><\/div><\/div><\/div>\n    <div class=\"twae-end\"><\/div>\n    <\/div><style type=\"text\/css\">@media (max-width: 1024px){ .twae-wrapper{--tw-ybx-size: 80px !important;}}@media (max-width: 767px){ .twae-wrapper{--tw-ybx-size: 80px !important}}<\/style>\t\t\t\t<\/div>\n\t\t\t\t<\/div>\n\t\t\t\t\t<\/div>\n\t\t\t\t<\/div>\n\t\t<div class=\"elementor-element elementor-element-6c66f9d e-flex e-con-boxed e-con e-parent\" data-id=\"6c66f9d\" data-element_type=\"container\">\n\t\t\t\t\t<div class=\"e-con-inner\">\n\t\t\t\t<div class=\"elementor-element elementor-element-70ffc99 elementor-align-center elementor-widget elementor-widget-button\" data-id=\"70ffc99\" data-element_type=\"widget\" data-widget_type=\"button.default\">\n\t\t\t\t\t\t\t\t\t\t<a class=\"elementor-button elementor-button-link elementor-size-sm\" href=\"https:\/\/diabetemonteregie.com\/wp-content\/uploads\/2025\/05\/Notre-histoire-DM.pdf\" target=\"_blank\">\n\t\t\t\t\t\t<span class=\"elementor-button-content-wrapper\">\n\t\t\t\t\t\t\t\t\t<span class=\"elementor-button-text\">Consultez notre histoire compl\u00e8te ici<\/span>\n\t\t\t\t\t<\/span>\n\t\t\t\t\t<\/a>\n\t\t\t\t\t\t\t\t<\/div>\n\t\t\t\t<div class=\"elementor-element elementor-element-de10aed elementor-widget elementor-widget-heading\" data-id=\"de10aed\" data-element_type=\"widget\" data-widget_type=\"heading.default\">\n\t\t\t\t\t<h2 class=\"elementor-heading-title elementor-size-default\">Notre mandat\n<\/h2>\t\t\t\t<\/div>\n\t\t\t\t<div class=\"elementor-element elementor-element-9102e57 elementor-widget elementor-widget-text-editor\" data-id=\"9102e57\" data-element_type=\"widget\" data-widget_type=\"text-editor.default\">\n\t\t\t\t\t\t\t\t\t<p><strong>DOCUMENTER<\/strong>\u00a0les personnes et leur famille sur le diab\u00e8te<\/p><p><strong>ALERTER &amp; \u00c9CLAIRER<\/strong>\u00a0la population \u00e0 la maladie le DIAB\u00c8TE et sa pr\u00e9vention<\/p><p><strong>R\u00c9F\u00c9RER &amp; DIRIGER<\/strong>\u00a0les personnes diab\u00e9tiques aux professionnels de la sant\u00e9<\/p>\t\t\t\t\t\t\t\t<\/div>\n\t\t\t\t<div class=\"elementor-element elementor-element-e5f6c20 elementor-widget elementor-widget-heading\" data-id=\"e5f6c20\" data-element_type=\"widget\" data-widget_type=\"heading.default\">\n\t\t\t\t\t<h2 class=\"elementor-heading-title elementor-size-default\">Le territoire de Diab\u00e8te Mont\u00e9r\u00e9gie\n<\/h2>\t\t\t\t<\/div>\n\t\t\t\t<div class=\"elementor-element elementor-element-688d62c elementor-widget elementor-widget-text-editor\" data-id=\"688d62c\" data-element_type=\"widget\" data-widget_type=\"text-editor.default\">\n\t\t\t\t\t\t\t\t\t<div class=\"fl-module fl-module-pp-heading fl-node-61155bced0672\" data-node=\"61155bced0672\"><div class=\"fl-module-content fl-node-content\"><div class=\"pp-heading-content\"><div class=\"pp-sub-heading\"><p>La r\u00e9gion administrative de la Mont\u00e9r\u00e9gie sera couverte enti\u00e8rement par l\u2019association.<\/p><\/div><\/div><\/div><\/div><div class=\"fl-module fl-module-heading fl-node-61155c2b839e5\" data-node=\"61155c2b839e5\"><div class=\"fl-module-content fl-node-content\">\u00a0<\/div><\/div>\t\t\t\t\t\t\t\t<\/div>\n\t\t\t\t<div class=\"elementor-element elementor-element-33996d8 elementor-widget elementor-widget-heading\" data-id=\"33996d8\" data-element_type=\"widget\" data-widget_type=\"heading.default\">\n\t\t\t\t\t<h2 class=\"elementor-heading-title elementor-size-default\">Municipalit\u00e9s<\/h2>\t\t\t\t<\/div>\n\t\t\t\t<div class=\"elementor-element elementor-element-1b2c981 elementor-widget elementor-widget-text-editor\" data-id=\"1b2c981\" data-element_type=\"widget\" data-widget_type=\"text-editor.default\">\n\t\t\t\t\t\t\t\t\t<div class=\"fl-module fl-module-pp-heading fl-node-61155bced0672\" data-node=\"61155bced0672\"><div class=\"fl-module-content fl-node-content\"><div class=\"pp-heading-content\"><div class=\"pp-sub-heading\"><p>148<\/p><\/div><\/div><\/div><\/div>\t\t\t\t\t\t\t\t<\/div>\n\t\t\t\t<div class=\"elementor-element elementor-element-19cef79 elementor-widget elementor-widget-heading\" data-id=\"19cef79\" data-element_type=\"widget\" data-widget_type=\"heading.default\">\n\t\t\t\t\t<h2 class=\"elementor-heading-title elementor-size-default\">Villes du territoire\n<\/h2>\t\t\t\t<\/div>\n\t\t\t\t<div class=\"elementor-element elementor-element-1c16799 elementor-widget elementor-widget-text-editor\" data-id=\"1c16799\" data-element_type=\"widget\" data-widget_type=\"text-editor.default\">\n\t\t\t\t\t\t\t\t\t<div class=\"fl-module fl-module-pp-heading fl-node-61155bced0672\" data-node=\"61155bced0672\"><div class=\"fl-module-content fl-node-content\"><div class=\"pp-heading-content\"><div class=\"pp-sub-heading\"><div class=\"uabb-info-list-content-wrapper fl-clearfix uabb-info-list-left\"><div class=\"uabb-info-list-content uabb-info-list-left info-list-content-dynamic0\"><ul><li class=\"uabb-info-list-title\">Ville<\/li><li class=\"uabb-info-list-title\">Municipalit\u00e9<\/li><li class=\"uabb-info-list-title\">Canton<\/li><li class=\"uabb-info-list-title\">Village<\/li><li class=\"uabb-info-list-title\">Paroisse<\/li><\/ul><\/div><\/div><\/div><\/div><\/div><\/div>\t\t\t\t\t\t\t\t<\/div>\n\t\t\t\t<div class=\"elementor-element elementor-element-35a4322 elementor-widget elementor-widget-heading\" data-id=\"35a4322\" data-element_type=\"widget\" data-widget_type=\"heading.default\">\n\t\t\t\t\t<h2 class=\"elementor-heading-title elementor-size-default\">Territoire de la Mont\u00e9r\u00e9gie :\n<\/h2>\t\t\t\t<\/div>\n\t\t\t\t<div class=\"elementor-element elementor-element-02dff6a elementor-widget elementor-widget-text-editor\" data-id=\"02dff6a\" data-element_type=\"widget\" data-widget_type=\"text-editor.default\">\n\t\t\t\t\t\t\t\t\t<div class=\"fl-module fl-module-pp-heading fl-node-61155bced0672\" data-node=\"61155bced0672\"><div class=\"fl-module-content fl-node-content\"><div class=\"pp-heading-content\"><div class=\"pp-sub-heading\"><div class=\"uabb-info-list-content-wrapper fl-clearfix uabb-info-list-left\"><div class=\"uabb-info-list-content uabb-info-list-left info-list-content-dynamic0\"><p>R\u00e9gion administrative du Qu\u00e9bec d\u00e9limit\u00e9e \u00e0 l\u2019ouest par la r\u00e9gion de Montr\u00e9al et \u00e0 l\u2019est par les r\u00e9gions de l\u2019Estrie et du Centre-du-Qu\u00e9bec.\u00a0\u00a0<\/p><p>Elle s\u2019\u00e9tend du fleuve Saint-Laurent jusqu\u2019\u00e0 la fronti\u00e8re avec les \u00c9tats-Unis.<\/p><\/div><\/div><\/div><\/div><\/div><\/div>\t\t\t\t\t\t\t\t<\/div>\n\t\t\t\t\t<\/div>\n\t\t\t\t<\/div>\n\t\t<div class=\"elementor-element elementor-element-35f9a577 e-flex e-con-boxed e-con e-parent\" data-id=\"35f9a577\" data-element_type=\"container\">\n\t\t\t\t\t<div class=\"e-con-inner\">\n\t\t<div class=\"elementor-element elementor-element-362a7fbe e-con-full e-flex e-con e-child\" data-id=\"362a7fbe\" data-element_type=\"container\">\n\t\t\t\t<div class=\"elementor-element elementor-element-f545fe4 elementor-widget elementor-widget-heading\" data-id=\"f545fe4\" data-element_type=\"widget\" data-widget_type=\"heading.default\">\n\t\t\t\t\t<h2 class=\"elementor-heading-title elementor-size-default\">Abonnez-vous \u00e0 notre infolettre gratuite\n<\/h2>\t\t\t\t<\/div>\n\t\t\t\t<div class=\"elementor-element elementor-element-43e07b4e elementor-widget elementor-widget-heading\" data-id=\"43e07b4e\" data-element_type=\"widget\" data-widget_type=\"heading.default\">\n\t\t\t\t\t<span class=\"elementor-heading-title elementor-size-default\">Rejoignez notre communaut\u00e9 et restez inform\u00e9 des derni\u00e8res nouvelles dans le monde du diab\u00e8te avec notre infolettre. Vous b\u00e9n\u00e9ficierez \u00e9galement d'informations pratiques et de messages inspirants de nos partenaires soigneusement s\u00e9lectionn\u00e9s. L'inscription est rapide, facile et gratuite - ne manquez pas cette opportunit\u00e9 d'\u00eatre toujours bien inform\u00e9 et de faire partie d'une communaut\u00e9 dynamique. Inscrivez-vous avec votre adresse courriel d\u00e8s aujourd'hui!\n\n\n<\/span>\t\t\t\t<\/div>\n\t\t\t\t<\/div>\n\t\t<div class=\"elementor-element elementor-element-54d2b325 e-con-full e-flex e-con e-child\" data-id=\"54d2b325\" data-element_type=\"container\">\n\t\t\t\t<div class=\"elementor-element elementor-element-4a546ec4 elementor-button-align-center elementor-widget elementor-widget-form\" data-id=\"4a546ec4\" data-element_type=\"widget\" data-settings=\"{&quot;step_next_label&quot;:&quot;Suivant&quot;,&quot;step_previous_label&quot;:&quot;Pr\\u00e9c\\u00e9dent&quot;,&quot;button_width&quot;:&quot;100&quot;,&quot;step_type&quot;:&quot;number_text&quot;,&quot;step_icon_shape&quot;:&quot;circle&quot;}\" data-widget_type=\"form.default\">\n\t\t\t\t\t\t\t<form class=\"elementor-form\" method=\"post\" name=\"Nouveau formulaire\" aria-label=\"Nouveau formulaire\" action=\"\">\n\t\t\t<input type=\"hidden\" name=\"post_id\" value=\"518\"\/>\n\t\t\t<input type=\"hidden\" name=\"form_id\" value=\"4a546ec4\"\/>\n\t\t\t<input type=\"hidden\" name=\"referer_title\" value=\"\u00c0 propos\" \/>\n\n\t\t\t\t\t\t\t<input type=\"hidden\" name=\"queried_id\" value=\"518\"\/>\n\t\t\t\n\t\t\t<div class=\"elementor-form-fields-wrapper elementor-labels-above\">\n\t\t\t\t\t\t\t\t<div class=\"elementor-field-type-text elementor-field-group elementor-column elementor-field-group-name elementor-col-100\">\n\t\t\t\t\t\t\t\t\t\t\t\t\t<input size=\"1\" type=\"text\" name=\"form_fields[name]\" id=\"form-field-name\" class=\"elementor-field elementor-size-sm  elementor-field-textual\" placeholder=\"Pr\u00e9nom\">\n\t\t\t\t\t\t\t\t\t\t\t<\/div>\n\t\t\t\t\t\t\t\t<div class=\"elementor-field-type-text elementor-field-group elementor-column elementor-field-group-field_86203c8 elementor-col-100\">\n\t\t\t\t\t\t\t\t\t\t\t\t\t<input size=\"1\" type=\"text\" name=\"form_fields[field_86203c8]\" id=\"form-field-field_86203c8\" class=\"elementor-field elementor-size-sm  elementor-field-textual\" placeholder=\"Nom\">\n\t\t\t\t\t\t\t\t\t\t\t<\/div>\n\t\t\t\t\t\t\t\t<div class=\"elementor-field-type-email elementor-field-group elementor-column elementor-field-group-email elementor-col-100 elementor-field-required\">\n\t\t\t\t\t\t\t\t\t\t\t\t\t<input size=\"1\" type=\"email\" name=\"form_fields[email]\" id=\"form-field-email\" class=\"elementor-field elementor-size-sm  elementor-field-textual\" placeholder=\"Courriel\" required=\"required\">\n\t\t\t\t\t\t\t\t\t\t\t<\/div>\n\t\t\t\t\t\t\t\t<div class=\"elementor-field-group elementor-column elementor-field-type-submit elementor-col-100 e-form__buttons\">\n\t\t\t\t\t<button class=\"elementor-button elementor-size-sm\" type=\"submit\">\n\t\t\t\t\t\t<span class=\"elementor-button-content-wrapper\">\n\t\t\t\t\t\t\t\t\t\t\t\t\t\t\t\t\t\t\t\t\t\t<span class=\"elementor-button-text\">Envoyer<\/span>\n\t\t\t\t\t\t\t\t\t\t\t\t\t<\/span>\n\t\t\t\t\t<\/button>\n\t\t\t\t<\/div>\n\t\t\t<\/div>\n\t\t<input type=\"hidden\" name=\"trp-form-language\" value=\"en\"\/><\/form>\n\t\t\t\t\t\t<\/div>\n\t\t\t\t<\/div>\n\t\t\t\t\t<\/div>\n\t\t\t\t<\/div>\n\t\t\t\t<\/div>","protected":false},"excerpt":{"rendered":"<p>\u00c0 propos Notre histoire 1984 Fondation L\u2019Association a \u00e9t\u00e9 fond\u00e9e par un groupe de quatre personnes ayant une probl\u00e9matique commune Le Diab\u00e8te et devient la section Rive-Sud de l\u2019association du Diab\u00e8te du Qu\u00e9bec Inc. Le pr\u00e9sident fondateur en poste de 1984 \u00e0 1990 Monsieur Raymond Polnicky et jusqu\u2019\u00e0 nos jours 7 pr\u00e9sidents \/ pr\u00e9sidentes se [&hellip;]<\/p>","protected":false},"author":1,"featured_media":0,"parent":0,"menu_order":0,"comment_status":"closed","ping_status":"closed","template":"","meta":{"footnotes":""},"class_list":["post-518","page","type-page","status-publish","hentry"],"_links":{"self":[{"href":"https:\/\/diabetemonteregie.com\/en\/wp-json\/wp\/v2\/pages\/518","targetHints":{"allow":["GET"]}}],"collection":[{"href":"https:\/\/diabetemonteregie.com\/en\/wp-json\/wp\/v2\/pages"}],"about":[{"href":"https:\/\/diabetemonteregie.com\/en\/wp-json\/wp\/v2\/types\/page"}],"author":[{"embeddable":true,"href":"https:\/\/diabetemonteregie.com\/en\/wp-json\/wp\/v2\/users\/1"}],"replies":[{"embeddable":true,"href":"https:\/\/diabetemonteregie.com\/en\/wp-json\/wp\/v2\/comments?post=518"}],"version-history":[{"count":25,"href":"https:\/\/diabetemonteregie.com\/en\/wp-json\/wp\/v2\/pages\/518\/revisions"}],"predecessor-version":[{"id":831,"href":"https:\/\/diabetemonteregie.com\/en\/wp-json\/wp\/v2\/pages\/518\/revisions\/831"}],"wp:attachment":[{"href":"https:\/\/diabetemonteregie.com\/en\/wp-json\/wp\/v2\/media?parent=518"}],"curies":[{"name":"wp","href":"https:\/\/api.w.org\/{rel}","templated":true}]}}