{"id":331,"date":"2024-11-11T08:22:56","date_gmt":"2024-11-11T13:22:56","guid":{"rendered":"https:\/\/diabetemonteregie.com\/?page_id=331"},"modified":"2025-09-18T02:47:47","modified_gmt":"2025-09-18T06:47:47","slug":"ressources","status":"publish","type":"page","link":"https:\/\/diabetemonteregie.com\/en\/ressources\/","title":{"rendered":"Ressources"},"content":{"rendered":"<div data-elementor-type=\"wp-page\" data-elementor-id=\"331\" class=\"elementor elementor-331\" data-elementor-post-type=\"page\">\n\t\t\t\t<div class=\"elementor-element elementor-element-64a9d8ce e-flex e-con-boxed e-con e-parent\" data-id=\"64a9d8ce\" data-element_type=\"container\">\n\t\t\t\t\t<div class=\"e-con-inner\">\n\t\t\t\t<div class=\"elementor-element elementor-element-8d9829e elementor-widget elementor-widget-heading\" data-id=\"8d9829e\" data-element_type=\"widget\" data-widget_type=\"heading.default\">\n\t\t\t\t\t<h2 class=\"elementor-heading-title elementor-size-default\">Ressources<\/h2>\t\t\t\t<\/div>\n\t\t\t\t\t<\/div>\n\t\t\t\t<\/div>\n\t\t<div class=\"elementor-element elementor-element-37e9d7bf e-flex e-con-boxed e-con e-parent\" data-id=\"37e9d7bf\" data-element_type=\"container\">\n\t\t\t\t\t<div class=\"e-con-inner\">\n\t\t\t\t<div class=\"elementor-element elementor-element-28bd8063 elementor-widget elementor-widget-heading\" data-id=\"28bd8063\" data-element_type=\"widget\" data-widget_type=\"heading.default\">\n\t\t\t\t\t<h2 class=\"elementor-heading-title elementor-size-default\">Actualit\u00e9s<\/h2>\t\t\t\t<\/div>\n\t\t\t\t\t<\/div>\n\t\t\t\t<\/div>\n\t\t<div class=\"elementor-element elementor-element-36c8fb7f e-flex e-con-boxed e-con e-parent\" data-id=\"36c8fb7f\" data-element_type=\"container\">\n\t\t\t\t\t<div class=\"e-con-inner\">\n\t\t\t\t<div class=\"elementor-element elementor-element-389d955c elementor-grid-3 elementor-grid-tablet-2 elementor-grid-mobile-1 elementor-posts--thumbnail-top elementor-card-shadow-yes elementor-posts__hover-gradient elementor-widget elementor-widget-posts\" data-id=\"389d955c\" data-element_type=\"widget\" data-settings=\"{&quot;cards_columns&quot;:&quot;3&quot;,&quot;cards_columns_tablet&quot;:&quot;2&quot;,&quot;cards_columns_mobile&quot;:&quot;1&quot;,&quot;cards_row_gap&quot;:{&quot;unit&quot;:&quot;px&quot;,&quot;size&quot;:35,&quot;sizes&quot;:[]},&quot;cards_row_gap_tablet&quot;:{&quot;unit&quot;:&quot;px&quot;,&quot;size&quot;:&quot;&quot;,&quot;sizes&quot;:[]},&quot;cards_row_gap_mobile&quot;:{&quot;unit&quot;:&quot;px&quot;,&quot;size&quot;:&quot;&quot;,&quot;sizes&quot;:[]}}\" data-widget_type=\"posts.cards\">\n\t\t\t\t<div class=\"elementor-widget-container\">\n\t\t\t\t\t\t\t<div class=\"elementor-posts-container elementor-posts elementor-posts--skin-cards elementor-grid\" role=\"list\">\n\t\t\t\t<article class=\"elementor-post elementor-grid-item post-1430 post type-post status-publish format-standard has-post-thumbnail hentry category-actualites\" role=\"listitem\">\n\t\t\t<div class=\"elementor-post__card\">\n\t\t\t\t<a class=\"elementor-post__thumbnail__link\" href=\"https:\/\/diabetemonteregie.com\/en\/vegetaliser-son-assiette-quand-on-vit-avec-le-diabete-7-recettes-pour-commencer\/\" tabindex=\"-1\" ><div class=\"elementor-post__thumbnail\"><img fetchpriority=\"high\" decoding=\"async\" width=\"1536\" height=\"1024\" src=\"https:\/\/diabetemonteregie.com\/wp-content\/uploads\/2026\/04\/Recettes-vegetales-pour-diabetiques.png\" class=\"attachment-full size-full wp-image-1431\" alt=\"\" srcset=\"https:\/\/diabetemonteregie.com\/wp-content\/uploads\/2026\/04\/Recettes-vegetales-pour-diabetiques.png 1536w, https:\/\/diabetemonteregie.com\/wp-content\/uploads\/2026\/04\/Recettes-vegetales-pour-diabetiques-300x200.png 300w, https:\/\/diabetemonteregie.com\/wp-content\/uploads\/2026\/04\/Recettes-vegetales-pour-diabetiques-1024x683.png 1024w, https:\/\/diabetemonteregie.com\/wp-content\/uploads\/2026\/04\/Recettes-vegetales-pour-diabetiques-768x512.png 768w, https:\/\/diabetemonteregie.com\/wp-content\/uploads\/2026\/04\/Recettes-vegetales-pour-diabetiques-18x12.png 18w, https:\/\/diabetemonteregie.com\/wp-content\/uploads\/2026\/04\/Recettes-vegetales-pour-diabetiques-600x400.png 600w\" sizes=\"(max-width: 1536px) 100vw, 1536px\" \/><\/div><\/a>\n\t\t\t\t<div class=\"elementor-post__text\">\n\t\t\t\t<h3 class=\"elementor-post__title\">\n\t\t\t<a href=\"https:\/\/diabetemonteregie.com\/en\/vegetaliser-son-assiette-quand-on-vit-avec-le-diabete-7-recettes-pour-commencer\/\" >\n\t\t\t\tV\u00e9g\u00e9taliser son assiette quand on vit avec le diab\u00e8te : 7 recettes pour commencer\t\t\t<\/a>\n\t\t<\/h3>\n\t\t\n\t\t<a class=\"elementor-post__read-more\" href=\"https:\/\/diabetemonteregie.com\/en\/vegetaliser-son-assiette-quand-on-vit-avec-le-diabete-7-recettes-pour-commencer\/\" aria-label=\"Read more about V\u00e9g\u00e9taliser son assiette quand on vit avec le diab\u00e8te : 7 recettes pour commencer\" tabindex=\"-1\" >\n\t\t\tLire la suite\t\t<\/a>\n\n\t\t\t\t<\/div>\n\t\t\t\t\t<\/div>\n\t\t<\/article>\n\t\t\t\t<article class=\"elementor-post elementor-grid-item post-1427 post type-post status-publish format-standard has-post-thumbnail hentry category-actualites\" role=\"listitem\">\n\t\t\t<div class=\"elementor-post__card\">\n\t\t\t\t<a class=\"elementor-post__thumbnail__link\" href=\"https:\/\/diabetemonteregie.com\/en\/lire-les-etiquettes-nutritionnelles-un-outil-puissant-pour-gerer-son-diabete\/\" tabindex=\"-1\" ><div class=\"elementor-post__thumbnail\"><img decoding=\"async\" width=\"1536\" height=\"1024\" src=\"https:\/\/diabetemonteregie.com\/wp-content\/uploads\/2026\/04\/Lire-les-etiquettes-pour-diabete.png\" class=\"attachment-full size-full wp-image-1428\" alt=\"\" srcset=\"https:\/\/diabetemonteregie.com\/wp-content\/uploads\/2026\/04\/Lire-les-etiquettes-pour-diabete.png 1536w, https:\/\/diabetemonteregie.com\/wp-content\/uploads\/2026\/04\/Lire-les-etiquettes-pour-diabete-300x200.png 300w, https:\/\/diabetemonteregie.com\/wp-content\/uploads\/2026\/04\/Lire-les-etiquettes-pour-diabete-1024x683.png 1024w, https:\/\/diabetemonteregie.com\/wp-content\/uploads\/2026\/04\/Lire-les-etiquettes-pour-diabete-768x512.png 768w, https:\/\/diabetemonteregie.com\/wp-content\/uploads\/2026\/04\/Lire-les-etiquettes-pour-diabete-18x12.png 18w, https:\/\/diabetemonteregie.com\/wp-content\/uploads\/2026\/04\/Lire-les-etiquettes-pour-diabete-600x400.png 600w\" sizes=\"(max-width: 1536px) 100vw, 1536px\" \/><\/div><\/a>\n\t\t\t\t<div class=\"elementor-post__text\">\n\t\t\t\t<h3 class=\"elementor-post__title\">\n\t\t\t<a href=\"https:\/\/diabetemonteregie.com\/en\/lire-les-etiquettes-nutritionnelles-un-outil-puissant-pour-gerer-son-diabete\/\" >\n\t\t\t\tLire les \u00e9tiquettes nutritionnelles : un outil puissant pour g\u00e9rer son diab\u00e8te\t\t\t<\/a>\n\t\t<\/h3>\n\t\t\n\t\t<a class=\"elementor-post__read-more\" href=\"https:\/\/diabetemonteregie.com\/en\/lire-les-etiquettes-nutritionnelles-un-outil-puissant-pour-gerer-son-diabete\/\" aria-label=\"Read more about Lire les \u00e9tiquettes nutritionnelles : un outil puissant pour g\u00e9rer son diab\u00e8te\" tabindex=\"-1\" >\n\t\t\tLire la suite\t\t<\/a>\n\n\t\t\t\t<\/div>\n\t\t\t\t\t<\/div>\n\t\t<\/article>\n\t\t\t\t<article class=\"elementor-post elementor-grid-item post-1424 post type-post status-publish format-standard has-post-thumbnail hentry category-actualites\" role=\"listitem\">\n\t\t\t<div class=\"elementor-post__card\">\n\t\t\t\t<a class=\"elementor-post__thumbnail__link\" href=\"https:\/\/diabetemonteregie.com\/en\/diabete-de-type-1-et-sante-oculaire-ce-que-le-printemps-nous-enseigne\/\" tabindex=\"-1\" ><div class=\"elementor-post__thumbnail\"><img decoding=\"async\" width=\"1536\" height=\"1024\" src=\"https:\/\/diabetemonteregie.com\/wp-content\/uploads\/2026\/04\/Diabete-et-sante-oculaire-au-printemps1.png\" class=\"attachment-full size-full wp-image-1425\" alt=\"\" srcset=\"https:\/\/diabetemonteregie.com\/wp-content\/uploads\/2026\/04\/Diabete-et-sante-oculaire-au-printemps1.png 1536w, https:\/\/diabetemonteregie.com\/wp-content\/uploads\/2026\/04\/Diabete-et-sante-oculaire-au-printemps1-300x200.png 300w, https:\/\/diabetemonteregie.com\/wp-content\/uploads\/2026\/04\/Diabete-et-sante-oculaire-au-printemps1-1024x683.png 1024w, https:\/\/diabetemonteregie.com\/wp-content\/uploads\/2026\/04\/Diabete-et-sante-oculaire-au-printemps1-768x512.png 768w, https:\/\/diabetemonteregie.com\/wp-content\/uploads\/2026\/04\/Diabete-et-sante-oculaire-au-printemps1-18x12.png 18w, https:\/\/diabetemonteregie.com\/wp-content\/uploads\/2026\/04\/Diabete-et-sante-oculaire-au-printemps1-600x400.png 600w\" sizes=\"(max-width: 1536px) 100vw, 1536px\" \/><\/div><\/a>\n\t\t\t\t<div class=\"elementor-post__text\">\n\t\t\t\t<h3 class=\"elementor-post__title\">\n\t\t\t<a href=\"https:\/\/diabetemonteregie.com\/en\/diabete-de-type-1-et-sante-oculaire-ce-que-le-printemps-nous-enseigne\/\" >\n\t\t\t\tDiab\u00e8te de type 1 et sant\u00e9 oculaire : ce que le printemps nous enseigne\t\t\t<\/a>\n\t\t<\/h3>\n\t\t\n\t\t<a class=\"elementor-post__read-more\" href=\"https:\/\/diabetemonteregie.com\/en\/diabete-de-type-1-et-sante-oculaire-ce-que-le-printemps-nous-enseigne\/\" aria-label=\"Read more about Diab\u00e8te de type 1 et sant\u00e9 oculaire : ce que le printemps nous enseigne\" tabindex=\"-1\" >\n\t\t\tLire la suite\t\t<\/a>\n\n\t\t\t\t<\/div>\n\t\t\t\t\t<\/div>\n\t\t<\/article>\n\t\t\t\t<\/div>\n\t\t\n\t\t\t\t\t\t<\/div>\n\t\t\t\t<\/div>\n\t\t\t\t\t<\/div>\n\t\t\t\t<\/div>\n\t\t<div class=\"elementor-element elementor-element-a1044ed e-flex e-con-boxed e-con e-parent\" data-id=\"a1044ed\" data-element_type=\"container\">\n\t\t\t\t\t<div class=\"e-con-inner\">\n\t\t\t\t<div class=\"elementor-element elementor-element-368fe5f elementor-widget elementor-widget-heading\" data-id=\"368fe5f\" data-element_type=\"widget\" data-widget_type=\"heading.default\">\n\t\t\t\t\t<h2 class=\"elementor-heading-title elementor-size-default\">Alimentation\n<\/h2>\t\t\t\t<\/div>\n\t\t\t\t\t<\/div>\n\t\t\t\t<\/div>\n\t\t<div class=\"elementor-element elementor-element-fbfeae0 e-flex e-con-boxed e-con e-parent\" data-id=\"fbfeae0\" data-element_type=\"container\">\n\t\t\t\t\t<div class=\"e-con-inner\">\n\t\t<div class=\"elementor-element elementor-element-127de999 e-con-full e-flex e-con e-child\" data-id=\"127de999\" data-element_type=\"container\">\n\t\t\t\t<div class=\"elementor-element elementor-element-1fafe4ee elementor-widget elementor-widget-heading\" data-id=\"1fafe4ee\" data-element_type=\"widget\" data-widget_type=\"heading.default\">\n\t\t\t\t\t<h2 class=\"elementor-heading-title elementor-size-default\">Guide alimentaire \u00e0 indice glyc\u00e9mique\n<\/h2>\t\t\t\t<\/div>\n\t\t\t\t<div class=\"elementor-element elementor-element-d542f12 elementor-widget elementor-widget-text-editor\" data-id=\"d542f12\" data-element_type=\"widget\" data-widget_type=\"text-editor.default\">\n\t\t\t\t\t\t\t\t\t<p>L\u2019indice glyc\u00e9mique (IG) est une \u00e9chelle qui classe un aliment ou un boisson contenant des glucides selon l\u2019augmentation de la glyc\u00e9mie apr\u00e8s que cet aliment soit consomm\u00e9.<\/p>\t\t\t\t\t\t\t\t<\/div>\n\t\t\t\t<div class=\"elementor-element elementor-element-2a0b94fc elementor-align-center elementor-widget elementor-widget-button\" data-id=\"2a0b94fc\" data-element_type=\"widget\" data-widget_type=\"button.default\">\n\t\t\t\t\t\t\t\t\t\t<a class=\"elementor-button elementor-button-link elementor-size-sm\" href=\"https:\/\/diabetemonteregie.com\/wp-content\/uploads\/2024\/11\/5-Guide-alimentaire-a-indice-glycemique.pdf\" target=\"_blank\" rel=\"nofollow\">\n\t\t\t\t\t\t<span class=\"elementor-button-content-wrapper\">\n\t\t\t\t\t\t\t\t\t<span class=\"elementor-button-text\">T\u00e9l\u00e9charger le PDF<\/span>\n\t\t\t\t\t<\/span>\n\t\t\t\t\t<\/a>\n\t\t\t\t\t\t\t\t<\/div>\n\t\t\t\t<\/div>\n\t\t<div class=\"elementor-element elementor-element-42274aed e-con-full e-flex e-con e-child\" data-id=\"42274aed\" data-element_type=\"container\">\n\t\t\t\t<div class=\"elementor-element elementor-element-b1b786d elementor-widget elementor-widget-heading\" data-id=\"b1b786d\" data-element_type=\"widget\" data-widget_type=\"heading.default\">\n\t\t\t\t\t<h2 class=\"elementor-heading-title elementor-size-default\">Guide alimentaire canadien \u2013 Bien manger. Bien vivre\n<\/h2>\t\t\t\t<\/div>\n\t\t\t\t<div class=\"elementor-element elementor-element-137f9bc8 elementor-widget elementor-widget-text-editor\" data-id=\"137f9bc8\" data-element_type=\"widget\" data-widget_type=\"text-editor.default\">\n\t\t\t\t\t\t\t\t\t<p>Savourez une vari\u00e9t\u00e9 d\u2019aliments sains tous les jours. Une alimentation saine, c\u2019est bien plus que les aliments que vous consommez\u2026<\/p>\t\t\t\t\t\t\t\t<\/div>\n\t\t\t\t<div class=\"elementor-element elementor-element-2a9f6581 elementor-align-center elementor-widget elementor-widget-button\" data-id=\"2a9f6581\" data-element_type=\"widget\" data-widget_type=\"button.default\">\n\t\t\t\t\t\t\t\t\t\t<a class=\"elementor-button elementor-button-link elementor-size-sm\" href=\"https:\/\/diabetemonteregie.com\/wp-content\/uploads\/2024\/11\/4-Guide-Bien-vivre-bien-manger.pdf\" target=\"_blank\" rel=\"nofollow\">\n\t\t\t\t\t\t<span class=\"elementor-button-content-wrapper\">\n\t\t\t\t\t\t\t\t\t<span class=\"elementor-button-text\">T\u00e9l\u00e9charger le PDF<\/span>\n\t\t\t\t\t<\/span>\n\t\t\t\t\t<\/a>\n\t\t\t\t\t\t\t\t<\/div>\n\t\t\t\t<\/div>\n\t\t<div class=\"elementor-element elementor-element-44125a71 e-con-full e-flex e-con e-child\" data-id=\"44125a71\" data-element_type=\"container\">\n\t\t\t\t<div class=\"elementor-element elementor-element-566e9ed7 elementor-widget elementor-widget-heading\" data-id=\"566e9ed7\" data-element_type=\"widget\" data-widget_type=\"heading.default\">\n\t\t\t\t\t<h2 class=\"elementor-heading-title elementor-size-default\">Guide d\u2019alimentation pour la personne diab\u00e9tique\n<\/h2>\t\t\t\t<\/div>\n\t\t\t\t<div class=\"elementor-element elementor-element-6dd992a1 elementor-widget elementor-widget-text-editor\" data-id=\"6dd992a1\" data-element_type=\"widget\" data-widget_type=\"text-editor.default\">\n\t\t\t\t\t\t\t\t\t<p>Guide de l\u2019alimentation dans le traitement du diab\u00e8te. Un plan d\u2019alimentation \u00e0 int\u00e9grer dans la vie quotidienne.<\/p>\t\t\t\t\t\t\t\t<\/div>\n\t\t\t\t<div class=\"elementor-element elementor-element-5318f52e elementor-align-center elementor-widget elementor-widget-button\" data-id=\"5318f52e\" data-element_type=\"widget\" data-widget_type=\"button.default\">\n\t\t\t\t\t\t\t\t\t\t<a class=\"elementor-button elementor-button-link elementor-size-sm\" href=\"https:\/\/diabetemonteregie.com\/wp-content\/uploads\/2024\/11\/3-Guide-Alimentation-pers.-diabetique.pdf\" target=\"_blank\" rel=\"nofollow\">\n\t\t\t\t\t\t<span class=\"elementor-button-content-wrapper\">\n\t\t\t\t\t\t\t\t\t<span class=\"elementor-button-text\">T\u00e9l\u00e9charger le PDF<\/span>\n\t\t\t\t\t<\/span>\n\t\t\t\t\t<\/a>\n\t\t\t\t\t\t\t\t<\/div>\n\t\t\t\t<\/div>\n\t\t<div class=\"elementor-element elementor-element-2792b6e5 e-con-full e-flex e-con e-child\" data-id=\"2792b6e5\" data-element_type=\"container\">\n\t\t\t\t<div class=\"elementor-element elementor-element-159cc28e elementor-widget elementor-widget-heading\" data-id=\"159cc28e\" data-element_type=\"widget\" data-widget_type=\"heading.default\">\n\t\t\t\t\t<h2 class=\"elementor-heading-title elementor-size-default\">Guide alimentaire canadien \u2013 Recommandations en mati\u00e8re d\u2019alimentation saine\n<\/h2>\t\t\t\t<\/div>\n\t\t\t\t<div class=\"elementor-element elementor-element-13710b51 elementor-widget elementor-widget-text-editor\" data-id=\"13710b51\" data-element_type=\"widget\" data-widget_type=\"text-editor.default\">\n\t\t\t\t\t\t\t\t\t<p>Une alimentation saine, c\u2019est bien plus que les aliments que vous consommez. Cela concerne tant la mani\u00e8re dont vous mangez, l\u2019endroit et le moment ou vous mangez, que la raison pour laquelle vous mangez.<\/p>\t\t\t\t\t\t\t\t<\/div>\n\t\t\t\t<div class=\"elementor-element elementor-element-9fd416d elementor-align-center elementor-widget elementor-widget-button\" data-id=\"9fd416d\" data-element_type=\"widget\" data-widget_type=\"button.default\">\n\t\t\t\t\t\t\t\t\t\t<a class=\"elementor-button elementor-button-link elementor-size-sm\" href=\"https:\/\/diabetemonteregie.com\/wp-content\/uploads\/2024\/11\/2-Guide-alimentaire-saine-alimentation.pdf\" target=\"_blank\" rel=\"nofollow\">\n\t\t\t\t\t\t<span class=\"elementor-button-content-wrapper\">\n\t\t\t\t\t\t\t\t\t<span class=\"elementor-button-text\">T\u00e9l\u00e9charger le PDF<\/span>\n\t\t\t\t\t<\/span>\n\t\t\t\t\t<\/a>\n\t\t\t\t\t\t\t\t<\/div>\n\t\t\t\t<\/div>\n\t\t\t\t\t<\/div>\n\t\t\t\t<\/div>\n\t\t<div class=\"elementor-element elementor-element-1bf1b2a e-flex e-con-boxed e-con e-parent\" data-id=\"1bf1b2a\" data-element_type=\"container\">\n\t\t\t\t\t<div class=\"e-con-inner\">\n\t\t\t\t<div class=\"elementor-element elementor-element-8160824 elementor-widget elementor-widget-heading\" data-id=\"8160824\" data-element_type=\"widget\" data-widget_type=\"heading.default\">\n\t\t\t\t\t<h2 class=\"elementor-heading-title elementor-size-default\">Le diab\u00e8te\n\n<\/h2>\t\t\t\t<\/div>\n\t\t\t\t\t<\/div>\n\t\t\t\t<\/div>\n\t\t<div class=\"elementor-element elementor-element-7a731472 e-flex e-con-boxed e-con e-parent\" data-id=\"7a731472\" data-element_type=\"container\">\n\t\t\t\t\t<div class=\"e-con-inner\">\n\t\t\t\t<div class=\"elementor-element elementor-element-62d11ee4 elementor-widget elementor-widget-heading\" data-id=\"62d11ee4\" data-element_type=\"widget\" data-widget_type=\"heading.default\">\n\t\t\t\t\t<h2 class=\"elementor-heading-title elementor-size-default\">Votre guide sur le diab\u00e8te\n<\/h2>\t\t\t\t<\/div>\n\t\t\t\t<div class=\"elementor-element elementor-element-5d7eab1d elementor-widget elementor-widget-text-editor\" data-id=\"5d7eab1d\" data-element_type=\"widget\" data-widget_type=\"text-editor.default\">\n\t\t\t\t\t\t\t\t\t<p>Voici un guide compr\u00e9hensif au sujet du diab\u00e8te publi\u00e9 par l\u2019Agence de la sant\u00e9 publique Canada.<\/p>\t\t\t\t\t\t\t\t<\/div>\n\t\t\t\t<div class=\"elementor-element elementor-element-5df60c1 elementor-widget elementor-widget-image\" data-id=\"5df60c1\" data-element_type=\"widget\" data-widget_type=\"image.default\">\n\t\t\t\t\t\t\t\t\t\t\t\t\t\t\t<img loading=\"lazy\" decoding=\"async\" width=\"768\" height=\"487\" src=\"https:\/\/diabetemonteregie.com\/wp-content\/uploads\/2025\/09\/Votre-guide-sur-le-diabete-768x487.png\" class=\"attachment-medium_large size-medium_large wp-image-841\" alt=\"\" srcset=\"https:\/\/diabetemonteregie.com\/wp-content\/uploads\/2025\/09\/Votre-guide-sur-le-diabete-768x487.png 768w, https:\/\/diabetemonteregie.com\/wp-content\/uploads\/2025\/09\/Votre-guide-sur-le-diabete-600x380.png 600w, https:\/\/diabetemonteregie.com\/wp-content\/uploads\/2025\/09\/Votre-guide-sur-le-diabete-300x190.png 300w, https:\/\/diabetemonteregie.com\/wp-content\/uploads\/2025\/09\/Votre-guide-sur-le-diabete-1024x649.png 1024w, https:\/\/diabetemonteregie.com\/wp-content\/uploads\/2025\/09\/Votre-guide-sur-le-diabete-1536x973.png 1536w, https:\/\/diabetemonteregie.com\/wp-content\/uploads\/2025\/09\/Votre-guide-sur-le-diabete.png 1982w\" sizes=\"(max-width: 768px) 100vw, 768px\" \/>\t\t\t\t\t\t\t\t\t\t\t\t\t\t\t<\/div>\n\t\t\t\t<div class=\"elementor-element elementor-element-6530c887 elementor-align-center elementor-widget elementor-widget-button\" data-id=\"6530c887\" data-element_type=\"widget\" data-widget_type=\"button.default\">\n\t\t\t\t\t\t\t\t\t\t<a class=\"elementor-button elementor-button-link elementor-size-sm\" href=\"https:\/\/diabetemonteregie.com\/wp-content\/uploads\/2024\/11\/1-Guide-sur-le-diabete.pdf\">\n\t\t\t\t\t\t<span class=\"elementor-button-content-wrapper\">\n\t\t\t\t\t\t\t\t\t<span class=\"elementor-button-text\">T\u00e9l\u00e9charger le PDF<\/span>\n\t\t\t\t\t<\/span>\n\t\t\t\t\t<\/a>\n\t\t\t\t\t\t\t\t<\/div>\n\t\t\t\t\t<\/div>\n\t\t\t\t<\/div>\n\t\t<div class=\"elementor-element elementor-element-7df0d902 e-flex e-con-boxed e-con e-parent\" data-id=\"7df0d902\" data-element_type=\"container\">\n\t\t\t\t\t<div class=\"e-con-inner\">\n\t\t<div class=\"elementor-element elementor-element-d661e10 e-con-full e-flex e-con e-child\" data-id=\"d661e10\" data-element_type=\"container\">\n\t\t\t\t<div class=\"elementor-element elementor-element-6175cd3f elementor-widget elementor-widget-heading\" data-id=\"6175cd3f\" data-element_type=\"widget\" data-widget_type=\"heading.default\">\n\t\t\t\t\t<h2 class=\"elementor-heading-title elementor-size-default\">Abonnez-vous \u00e0 notre infolettre gratuite\n<\/h2>\t\t\t\t<\/div>\n\t\t\t\t<div class=\"elementor-element elementor-element-3449cfc9 elementor-widget elementor-widget-heading\" data-id=\"3449cfc9\" data-element_type=\"widget\" data-widget_type=\"heading.default\">\n\t\t\t\t\t<span class=\"elementor-heading-title elementor-size-default\">Rejoignez notre communaut\u00e9 et restez inform\u00e9 des derni\u00e8res nouvelles dans le monde du diab\u00e8te avec notre infolettre. Vous b\u00e9n\u00e9ficierez \u00e9galement d'informations pratiques et de messages inspirants de nos partenaires soigneusement s\u00e9lectionn\u00e9s. L'inscription est rapide, facile et gratuite - ne manquez pas cette opportunit\u00e9 d'\u00eatre toujours bien inform\u00e9 et de faire partie d'une communaut\u00e9 dynamique. Inscrivez-vous avec votre adresse courriel d\u00e8s aujourd'hui!\n\n\n<\/span>\t\t\t\t<\/div>\n\t\t\t\t<\/div>\n\t\t<div class=\"elementor-element elementor-element-4e097f3c e-con-full e-flex e-con e-child\" data-id=\"4e097f3c\" data-element_type=\"container\">\n\t\t\t\t<div class=\"elementor-element elementor-element-64ba0087 elementor-button-align-center elementor-widget elementor-widget-form\" data-id=\"64ba0087\" data-element_type=\"widget\" data-settings=\"{&quot;step_next_label&quot;:&quot;Suivant&quot;,&quot;step_previous_label&quot;:&quot;Pr\\u00e9c\\u00e9dent&quot;,&quot;button_width&quot;:&quot;100&quot;,&quot;step_type&quot;:&quot;number_text&quot;,&quot;step_icon_shape&quot;:&quot;circle&quot;}\" data-widget_type=\"form.default\">\n\t\t\t\t\t\t\t<form class=\"elementor-form\" method=\"post\" name=\"Nouveau formulaire\" aria-label=\"Nouveau formulaire\" action=\"\">\n\t\t\t<input type=\"hidden\" name=\"post_id\" value=\"331\"\/>\n\t\t\t<input type=\"hidden\" name=\"form_id\" value=\"64ba0087\"\/>\n\t\t\t<input type=\"hidden\" name=\"referer_title\" value=\"\" \/>\n\n\t\t\t\n\t\t\t<div class=\"elementor-form-fields-wrapper elementor-labels-above\">\n\t\t\t\t\t\t\t\t<div class=\"elementor-field-type-text elementor-field-group elementor-column elementor-field-group-name elementor-col-100\">\n\t\t\t\t\t\t\t\t\t\t\t\t\t<input size=\"1\" type=\"text\" name=\"form_fields[name]\" id=\"form-field-name\" class=\"elementor-field elementor-size-sm  elementor-field-textual\" placeholder=\"Pr\u00e9nom\">\n\t\t\t\t\t\t\t\t\t\t\t<\/div>\n\t\t\t\t\t\t\t\t<div class=\"elementor-field-type-text elementor-field-group elementor-column elementor-field-group-field_86203c8 elementor-col-100\">\n\t\t\t\t\t\t\t\t\t\t\t\t\t<input size=\"1\" type=\"text\" name=\"form_fields[field_86203c8]\" id=\"form-field-field_86203c8\" class=\"elementor-field elementor-size-sm  elementor-field-textual\" placeholder=\"Nom\">\n\t\t\t\t\t\t\t\t\t\t\t<\/div>\n\t\t\t\t\t\t\t\t<div class=\"elementor-field-type-email elementor-field-group elementor-column elementor-field-group-email elementor-col-100 elementor-field-required\">\n\t\t\t\t\t\t\t\t\t\t\t\t\t<input size=\"1\" type=\"email\" name=\"form_fields[email]\" id=\"form-field-email\" class=\"elementor-field elementor-size-sm  elementor-field-textual\" placeholder=\"Courriel\" required=\"required\">\n\t\t\t\t\t\t\t\t\t\t\t<\/div>\n\t\t\t\t\t\t\t\t<div class=\"elementor-field-group elementor-column elementor-field-type-submit elementor-col-100 e-form__buttons\">\n\t\t\t\t\t<button class=\"elementor-button elementor-size-sm\" type=\"submit\">\n\t\t\t\t\t\t<span class=\"elementor-button-content-wrapper\">\n\t\t\t\t\t\t\t\t\t\t\t\t\t\t\t\t\t\t\t\t\t\t<span class=\"elementor-button-text\">Envoyer<\/span>\n\t\t\t\t\t\t\t\t\t\t\t\t\t<\/span>\n\t\t\t\t\t<\/button>\n\t\t\t\t<\/div>\n\t\t\t<\/div>\n\t\t<input type=\"hidden\" name=\"trp-form-language\" value=\"en\"\/><\/form>\n\t\t\t\t\t\t<\/div>\n\t\t\t\t<\/div>\n\t\t\t\t\t<\/div>\n\t\t\t\t<\/div>\n\t\t\t\t<\/div>","protected":false},"excerpt":{"rendered":"<p>Ressources Actualit\u00e9s Alimentation Guide alimentaire \u00e0 indice glyc\u00e9mique L\u2019indice glyc\u00e9mique (IG) est une \u00e9chelle qui classe un aliment ou un boisson contenant des glucides selon<\/p>","protected":false},"author":1,"featured_media":0,"parent":0,"menu_order":0,"comment_status":"closed","ping_status":"closed","template":"","meta":{"footnotes":""},"class_list":["post-331","page","type-page","status-publish","hentry"],"_links":{"self":[{"href":"https:\/\/diabetemonteregie.com\/en\/wp-json\/wp\/v2\/pages\/331","targetHints":{"allow":["GET"]}}],"collection":[{"href":"https:\/\/diabetemonteregie.com\/en\/wp-json\/wp\/v2\/pages"}],"about":[{"href":"https:\/\/diabetemonteregie.com\/en\/wp-json\/wp\/v2\/types\/page"}],"author":[{"embeddable":true,"href":"https:\/\/diabetemonteregie.com\/en\/wp-json\/wp\/v2\/users\/1"}],"replies":[{"embeddable":true,"href":"https:\/\/diabetemonteregie.com\/en\/wp-json\/wp\/v2\/comments?post=331"}],"version-history":[{"count":25,"href":"https:\/\/diabetemonteregie.com\/en\/wp-json\/wp\/v2\/pages\/331\/revisions"}],"predecessor-version":[{"id":905,"href":"https:\/\/diabetemonteregie.com\/en\/wp-json\/wp\/v2\/pages\/331\/revisions\/905"}],"wp:attachment":[{"href":"https:\/\/diabetemonteregie.com\/en\/wp-json\/wp\/v2\/media?parent=331"}],"curies":[{"name":"wp","href":"https:\/\/api.w.org\/{rel}","templated":true}]}}