{"id":280,"date":"2024-11-06T15:51:30","date_gmt":"2024-11-06T20:51:30","guid":{"rendered":"https:\/\/diabetemonteregie.com\/?page_id=280"},"modified":"2025-09-18T00:56:36","modified_gmt":"2025-09-18T04:56:36","slug":"le-diabete","status":"publish","type":"page","link":"https:\/\/diabetemonteregie.com\/en\/le-diabete\/","title":{"rendered":"Le diab\u00e8te"},"content":{"rendered":"<div data-elementor-type=\"wp-page\" data-elementor-id=\"280\" class=\"elementor elementor-280\" data-elementor-post-type=\"page\">\n\t\t\t\t<div class=\"elementor-element elementor-element-28f66ad e-flex e-con-boxed e-con e-parent\" data-id=\"28f66ad\" data-element_type=\"container\">\n\t\t\t\t\t<div class=\"e-con-inner\">\n\t\t\t\t<div class=\"elementor-element elementor-element-323f415 elementor-widget elementor-widget-text-editor\" data-id=\"323f415\" data-element_type=\"widget\" data-widget_type=\"text-editor.default\">\n\t\t\t\t\t\t\t\t\t\n<p><a href=\"https:\/\/gpsdiabete.com\/le-diabete\/votre-guide-sur-le-diabete\/\"><\/a><\/p>\n\n\n\n<p><\/p>\n\t\t\t\t\t\t\t\t<\/div>\n\t\t\t\t\t<\/div>\n\t\t\t\t<\/div>\n\t\t<div class=\"elementor-element elementor-element-4109a5f8 e-flex e-con-boxed e-con e-parent\" data-id=\"4109a5f8\" data-element_type=\"container\">\n\t\t\t\t\t<div class=\"e-con-inner\">\n\t\t\t\t<div class=\"elementor-element elementor-element-32dbb9e7 elementor-widget elementor-widget-heading\" data-id=\"32dbb9e7\" data-element_type=\"widget\" data-widget_type=\"heading.default\">\n\t\t\t\t\t<h2 class=\"elementor-heading-title elementor-size-default\">Le diab\u00e8te\n\n<\/h2>\t\t\t\t<\/div>\n\t\t\t\t\t<\/div>\n\t\t\t\t<\/div>\n\t\t<div class=\"elementor-element elementor-element-f4a43dd e-flex e-con-boxed e-con e-parent\" data-id=\"f4a43dd\" data-element_type=\"container\">\n\t\t\t\t\t<div class=\"e-con-inner\">\n\t\t\t\t<div class=\"elementor-element elementor-element-3239776 elementor-widget elementor-widget-heading\" data-id=\"3239776\" data-element_type=\"widget\" data-widget_type=\"heading.default\">\n\t\t\t\t\t<h2 class=\"elementor-heading-title elementor-size-default\">Votre guide sur le diab\u00e8te\n<\/h2>\t\t\t\t<\/div>\n\t\t\t\t<div class=\"elementor-element elementor-element-4f5c5a8 elementor-widget elementor-widget-text-editor\" data-id=\"4f5c5a8\" data-element_type=\"widget\" data-widget_type=\"text-editor.default\">\n\t\t\t\t\t\t\t\t\t<p>Voici un guide compr\u00e9hensif au sujet du diab\u00e8te publi\u00e9 par l\u2019Agence de la sant\u00e9 publique Canada.<\/p>\t\t\t\t\t\t\t\t<\/div>\n\t\t\t\t<div class=\"elementor-element elementor-element-add395d elementor-widget elementor-widget-image\" data-id=\"add395d\" data-element_type=\"widget\" data-widget_type=\"image.default\">\n\t\t\t\t\t\t\t\t\t\t\t\t\t\t\t<img fetchpriority=\"high\" decoding=\"async\" width=\"800\" height=\"507\" src=\"https:\/\/diabetemonteregie.com\/wp-content\/uploads\/2025\/09\/Votre-guide-sur-le-diabete-1024x649.png\" class=\"attachment-large size-large wp-image-841\" alt=\"\" srcset=\"https:\/\/diabetemonteregie.com\/wp-content\/uploads\/2025\/09\/Votre-guide-sur-le-diabete-1024x649.png 1024w, https:\/\/diabetemonteregie.com\/wp-content\/uploads\/2025\/09\/Votre-guide-sur-le-diabete-600x380.png 600w, https:\/\/diabetemonteregie.com\/wp-content\/uploads\/2025\/09\/Votre-guide-sur-le-diabete-300x190.png 300w, https:\/\/diabetemonteregie.com\/wp-content\/uploads\/2025\/09\/Votre-guide-sur-le-diabete-768x487.png 768w, https:\/\/diabetemonteregie.com\/wp-content\/uploads\/2025\/09\/Votre-guide-sur-le-diabete-1536x973.png 1536w, https:\/\/diabetemonteregie.com\/wp-content\/uploads\/2025\/09\/Votre-guide-sur-le-diabete.png 1982w\" sizes=\"(max-width: 800px) 100vw, 800px\" \/>\t\t\t\t\t\t\t\t\t\t\t\t\t\t\t<\/div>\n\t\t\t\t<div class=\"elementor-element elementor-element-a768a03 elementor-align-center elementor-widget elementor-widget-button\" data-id=\"a768a03\" data-element_type=\"widget\" data-widget_type=\"button.default\">\n\t\t\t\t\t\t\t\t\t\t<a class=\"elementor-button elementor-button-link elementor-size-sm\" href=\"https:\/\/diabetemonteregie.com\/wp-content\/uploads\/2024\/11\/1-Guide-sur-le-diabete.pdf\">\n\t\t\t\t\t\t<span class=\"elementor-button-content-wrapper\">\n\t\t\t\t\t\t\t\t\t<span class=\"elementor-button-text\">T\u00e9l\u00e9charger le PDF<\/span>\n\t\t\t\t\t<\/span>\n\t\t\t\t\t<\/a>\n\t\t\t\t\t\t\t\t<\/div>\n\t\t\t\t\t<\/div>\n\t\t\t\t<\/div>\n\t\t<div class=\"elementor-element elementor-element-41118e05 e-flex e-con-boxed e-con e-parent\" data-id=\"41118e05\" data-element_type=\"container\">\n\t\t\t\t\t<div class=\"e-con-inner\">\n\t\t<div class=\"elementor-element elementor-element-3f366f19 e-con-full e-flex e-con e-child\" data-id=\"3f366f19\" data-element_type=\"container\">\n\t\t\t\t<div class=\"elementor-element elementor-element-2e0b27c elementor-widget elementor-widget-heading\" data-id=\"2e0b27c\" data-element_type=\"widget\" data-widget_type=\"heading.default\">\n\t\t\t\t\t<h2 class=\"elementor-heading-title elementor-size-default\">Abonnez-vous \u00e0 notre infolettre gratuite\n<\/h2>\t\t\t\t<\/div>\n\t\t\t\t<div class=\"elementor-element elementor-element-256bbf49 elementor-widget elementor-widget-heading\" data-id=\"256bbf49\" data-element_type=\"widget\" data-widget_type=\"heading.default\">\n\t\t\t\t\t<span class=\"elementor-heading-title elementor-size-default\">Rejoignez notre communaut\u00e9 et restez inform\u00e9 des derni\u00e8res nouvelles dans le monde du diab\u00e8te avec notre infolettre. Vous b\u00e9n\u00e9ficierez \u00e9galement d'informations pratiques et de messages inspirants de nos partenaires soigneusement s\u00e9lectionn\u00e9s. L'inscription est rapide, facile et gratuite - ne manquez pas cette opportunit\u00e9 d'\u00eatre toujours bien inform\u00e9 et de faire partie d'une communaut\u00e9 dynamique. Inscrivez-vous avec votre adresse courriel d\u00e8s aujourd'hui!\n\n\n<\/span>\t\t\t\t<\/div>\n\t\t\t\t<\/div>\n\t\t<div class=\"elementor-element elementor-element-4b14c000 e-con-full e-flex e-con e-child\" data-id=\"4b14c000\" data-element_type=\"container\">\n\t\t\t\t<div class=\"elementor-element elementor-element-701178d5 elementor-button-align-center elementor-widget elementor-widget-form\" data-id=\"701178d5\" data-element_type=\"widget\" data-settings=\"{&quot;step_next_label&quot;:&quot;Suivant&quot;,&quot;step_previous_label&quot;:&quot;Pr\\u00e9c\\u00e9dent&quot;,&quot;button_width&quot;:&quot;100&quot;,&quot;step_type&quot;:&quot;number_text&quot;,&quot;step_icon_shape&quot;:&quot;circle&quot;}\" data-widget_type=\"form.default\">\n\t\t\t\t\t\t\t<form class=\"elementor-form\" method=\"post\" name=\"Nouveau formulaire\" aria-label=\"Nouveau formulaire\" action=\"\">\n\t\t\t<input type=\"hidden\" name=\"post_id\" value=\"280\"\/>\n\t\t\t<input type=\"hidden\" name=\"form_id\" value=\"701178d5\"\/>\n\t\t\t<input type=\"hidden\" name=\"referer_title\" value=\"Le diab\u00e8te\" \/>\n\n\t\t\t\t\t\t\t<input type=\"hidden\" name=\"queried_id\" value=\"280\"\/>\n\t\t\t\n\t\t\t<div class=\"elementor-form-fields-wrapper elementor-labels-above\">\n\t\t\t\t\t\t\t\t<div class=\"elementor-field-type-text elementor-field-group elementor-column elementor-field-group-name elementor-col-100\">\n\t\t\t\t\t\t\t\t\t\t\t\t\t<input size=\"1\" type=\"text\" name=\"form_fields[name]\" id=\"form-field-name\" class=\"elementor-field elementor-size-sm  elementor-field-textual\" placeholder=\"Pr\u00e9nom\">\n\t\t\t\t\t\t\t\t\t\t\t<\/div>\n\t\t\t\t\t\t\t\t<div class=\"elementor-field-type-text elementor-field-group elementor-column elementor-field-group-field_86203c8 elementor-col-100\">\n\t\t\t\t\t\t\t\t\t\t\t\t\t<input size=\"1\" type=\"text\" name=\"form_fields[field_86203c8]\" id=\"form-field-field_86203c8\" class=\"elementor-field elementor-size-sm  elementor-field-textual\" placeholder=\"Nom\">\n\t\t\t\t\t\t\t\t\t\t\t<\/div>\n\t\t\t\t\t\t\t\t<div class=\"elementor-field-type-email elementor-field-group elementor-column elementor-field-group-email elementor-col-100 elementor-field-required\">\n\t\t\t\t\t\t\t\t\t\t\t\t\t<input size=\"1\" type=\"email\" name=\"form_fields[email]\" id=\"form-field-email\" class=\"elementor-field elementor-size-sm  elementor-field-textual\" placeholder=\"Courriel\" required=\"required\">\n\t\t\t\t\t\t\t\t\t\t\t<\/div>\n\t\t\t\t\t\t\t\t<div class=\"elementor-field-group elementor-column elementor-field-type-submit elementor-col-100 e-form__buttons\">\n\t\t\t\t\t<button class=\"elementor-button elementor-size-sm\" type=\"submit\">\n\t\t\t\t\t\t<span class=\"elementor-button-content-wrapper\">\n\t\t\t\t\t\t\t\t\t\t\t\t\t\t\t\t\t\t\t\t\t\t<span class=\"elementor-button-text\">Envoyer<\/span>\n\t\t\t\t\t\t\t\t\t\t\t\t\t<\/span>\n\t\t\t\t\t<\/button>\n\t\t\t\t<\/div>\n\t\t\t<\/div>\n\t\t<input type=\"hidden\" name=\"trp-form-language\" value=\"en\"\/><\/form>\n\t\t\t\t\t\t<\/div>\n\t\t\t\t<\/div>\n\t\t\t\t\t<\/div>\n\t\t\t\t<\/div>\n\t\t\t\t<\/div>","protected":false},"excerpt":{"rendered":"<p>Le diab\u00e8te Votre guide sur le diab\u00e8te Voici un guide compr\u00e9hensif au sujet du diab\u00e8te publi\u00e9 par l\u2019Agence de la sant\u00e9 publique Canada. T\u00e9l\u00e9charger le PDF Abonnez-vous \u00e0 notre infolettre gratuite Rejoignez notre communaut\u00e9 et restez inform\u00e9 des derni\u00e8res nouvelles dans le monde du diab\u00e8te avec notre infolettre. Vous b\u00e9n\u00e9ficierez \u00e9galement d&rsquo;informations pratiques et de [&hellip;]<\/p>","protected":false},"author":1,"featured_media":0,"parent":0,"menu_order":0,"comment_status":"closed","ping_status":"closed","template":"","meta":{"footnotes":""},"class_list":["post-280","page","type-page","status-publish","hentry"],"_links":{"self":[{"href":"https:\/\/diabetemonteregie.com\/en\/wp-json\/wp\/v2\/pages\/280","targetHints":{"allow":["GET"]}}],"collection":[{"href":"https:\/\/diabetemonteregie.com\/en\/wp-json\/wp\/v2\/pages"}],"about":[{"href":"https:\/\/diabetemonteregie.com\/en\/wp-json\/wp\/v2\/types\/page"}],"author":[{"embeddable":true,"href":"https:\/\/diabetemonteregie.com\/en\/wp-json\/wp\/v2\/users\/1"}],"replies":[{"embeddable":true,"href":"https:\/\/diabetemonteregie.com\/en\/wp-json\/wp\/v2\/comments?post=280"}],"version-history":[{"count":22,"href":"https:\/\/diabetemonteregie.com\/en\/wp-json\/wp\/v2\/pages\/280\/revisions"}],"predecessor-version":[{"id":856,"href":"https:\/\/diabetemonteregie.com\/en\/wp-json\/wp\/v2\/pages\/280\/revisions\/856"}],"wp:attachment":[{"href":"https:\/\/diabetemonteregie.com\/en\/wp-json\/wp\/v2\/media?parent=280"}],"curies":[{"name":"wp","href":"https:\/\/api.w.org\/{rel}","templated":true}]}}