{"id":251,"date":"2024-11-05T17:22:16","date_gmt":"2024-11-05T22:22:16","guid":{"rendered":"https:\/\/diabetemonteregie.com\/?page_id=251"},"modified":"2025-09-18T00:46:33","modified_gmt":"2025-09-18T04:46:33","slug":"alimentation","status":"publish","type":"page","link":"https:\/\/diabetemonteregie.com\/en\/alimentation\/","title":{"rendered":"Alimentation"},"content":{"rendered":"<div data-elementor-type=\"wp-page\" data-elementor-id=\"251\" class=\"elementor elementor-251\" data-elementor-post-type=\"page\">\n\t\t\t\t<div class=\"elementor-element elementor-element-73029cea e-flex e-con-boxed e-con e-parent\" data-id=\"73029cea\" data-element_type=\"container\">\n\t\t\t\t\t<div class=\"e-con-inner\">\n\t\t\t\t<div class=\"elementor-element elementor-element-8646471 elementor-widget elementor-widget-heading\" data-id=\"8646471\" data-element_type=\"widget\" data-widget_type=\"heading.default\">\n\t\t\t\t\t<h2 class=\"elementor-heading-title elementor-size-default\">Alimentation<\/h2>\t\t\t\t<\/div>\n\t\t\t\t\t<\/div>\n\t\t\t\t<\/div>\n\t\t<div class=\"elementor-element elementor-element-2eead54 e-flex e-con-boxed e-con e-parent\" data-id=\"2eead54\" data-element_type=\"container\">\n\t\t\t\t\t<div class=\"e-con-inner\">\n\t\t\t\t\t<\/div>\n\t\t\t\t<\/div>\n\t\t<div class=\"elementor-element elementor-element-4ac235e e-flex e-con-boxed e-con e-parent\" data-id=\"4ac235e\" data-element_type=\"container\">\n\t\t\t\t\t<div class=\"e-con-inner\">\n\t\t\t\t\t<\/div>\n\t\t\t\t<\/div>\n\t\t<div class=\"elementor-element elementor-element-a6385ff e-flex e-con-boxed e-con e-parent\" data-id=\"a6385ff\" data-element_type=\"container\">\n\t\t\t\t\t<div class=\"e-con-inner\">\n\t\t<div class=\"elementor-element elementor-element-bad5f00 e-con-full e-flex e-con e-child\" data-id=\"bad5f00\" data-element_type=\"container\">\n\t\t\t\t<div class=\"elementor-element elementor-element-097e36e elementor-widget elementor-widget-heading\" data-id=\"097e36e\" data-element_type=\"widget\" data-widget_type=\"heading.default\">\n\t\t\t\t\t<h2 class=\"elementor-heading-title elementor-size-default\">Guide alimentaire \u00e0 indice glyc\u00e9mique\n<\/h2>\t\t\t\t<\/div>\n\t\t\t\t<div class=\"elementor-element elementor-element-7fd9d42 elementor-widget elementor-widget-text-editor\" data-id=\"7fd9d42\" data-element_type=\"widget\" data-widget_type=\"text-editor.default\">\n\t\t\t\t\t\t\t\t\t<p>L\u2019indice glyc\u00e9mique (IG) est une \u00e9chelle qui classe un aliment ou un boisson contenant des glucides selon l\u2019augmentation de la glyc\u00e9mie apr\u00e8s que cet aliment soit consomm\u00e9.<\/p>\t\t\t\t\t\t\t\t<\/div>\n\t\t\t\t<div class=\"elementor-element elementor-element-9f213c4 elementor-align-center elementor-widget elementor-widget-button\" data-id=\"9f213c4\" data-element_type=\"widget\" data-widget_type=\"button.default\">\n\t\t\t\t\t\t\t\t\t\t<a class=\"elementor-button elementor-button-link elementor-size-sm\" href=\"https:\/\/diabetemonteregie.com\/wp-content\/uploads\/2024\/11\/5-Guide-alimentaire-a-indice-glycemique.pdf\" target=\"_blank\" rel=\"nofollow\">\n\t\t\t\t\t\t<span class=\"elementor-button-content-wrapper\">\n\t\t\t\t\t\t\t\t\t<span class=\"elementor-button-text\">T\u00e9l\u00e9charger le PDF<\/span>\n\t\t\t\t\t<\/span>\n\t\t\t\t\t<\/a>\n\t\t\t\t\t\t\t\t<\/div>\n\t\t\t\t<\/div>\n\t\t<div class=\"elementor-element elementor-element-e27259f e-con-full e-flex e-con e-child\" data-id=\"e27259f\" data-element_type=\"container\">\n\t\t\t\t<div class=\"elementor-element elementor-element-450a2f8 elementor-widget elementor-widget-heading\" data-id=\"450a2f8\" data-element_type=\"widget\" data-widget_type=\"heading.default\">\n\t\t\t\t\t<h2 class=\"elementor-heading-title elementor-size-default\">Guide alimentaire canadien \u2013 Bien manger. Bien vivre\n<\/h2>\t\t\t\t<\/div>\n\t\t\t\t<div class=\"elementor-element elementor-element-6dad803 elementor-widget elementor-widget-text-editor\" data-id=\"6dad803\" data-element_type=\"widget\" data-widget_type=\"text-editor.default\">\n\t\t\t\t\t\t\t\t\t<p>Savourez une vari\u00e9t\u00e9 d\u2019aliments sains tous les jours. Une alimentation saine, c\u2019est bien plus que les aliments que vous consommez\u2026<\/p>\t\t\t\t\t\t\t\t<\/div>\n\t\t\t\t<div class=\"elementor-element elementor-element-50b7d9f elementor-align-center elementor-widget elementor-widget-button\" data-id=\"50b7d9f\" data-element_type=\"widget\" data-widget_type=\"button.default\">\n\t\t\t\t\t\t\t\t\t\t<a class=\"elementor-button elementor-button-link elementor-size-sm\" href=\"https:\/\/diabetemonteregie.com\/wp-content\/uploads\/2024\/11\/4-Guide-Bien-vivre-bien-manger.pdf\" target=\"_blank\" rel=\"nofollow\">\n\t\t\t\t\t\t<span class=\"elementor-button-content-wrapper\">\n\t\t\t\t\t\t\t\t\t<span class=\"elementor-button-text\">T\u00e9l\u00e9charger le PDF<\/span>\n\t\t\t\t\t<\/span>\n\t\t\t\t\t<\/a>\n\t\t\t\t\t\t\t\t<\/div>\n\t\t\t\t<\/div>\n\t\t<div class=\"elementor-element elementor-element-d87b4b0 e-con-full e-flex e-con e-child\" data-id=\"d87b4b0\" data-element_type=\"container\">\n\t\t\t\t<div class=\"elementor-element elementor-element-0345742 elementor-widget elementor-widget-heading\" data-id=\"0345742\" data-element_type=\"widget\" data-widget_type=\"heading.default\">\n\t\t\t\t\t<h2 class=\"elementor-heading-title elementor-size-default\">Guide d\u2019alimentation pour la personne diab\u00e9tique\n<\/h2>\t\t\t\t<\/div>\n\t\t\t\t<div class=\"elementor-element elementor-element-4a352ac elementor-widget elementor-widget-text-editor\" data-id=\"4a352ac\" data-element_type=\"widget\" data-widget_type=\"text-editor.default\">\n\t\t\t\t\t\t\t\t\t<p>Guide de l\u2019alimentation dans le traitement du diab\u00e8te. Un plan d\u2019alimentation \u00e0 int\u00e9grer dans la vie quotidienne.<\/p>\t\t\t\t\t\t\t\t<\/div>\n\t\t\t\t<div class=\"elementor-element elementor-element-15f358c elementor-align-center elementor-widget elementor-widget-button\" data-id=\"15f358c\" data-element_type=\"widget\" data-widget_type=\"button.default\">\n\t\t\t\t\t\t\t\t\t\t<a class=\"elementor-button elementor-button-link elementor-size-sm\" href=\"https:\/\/diabetemonteregie.com\/wp-content\/uploads\/2024\/11\/3-Guide-Alimentation-pers.-diabetique.pdf\" target=\"_blank\" rel=\"nofollow\">\n\t\t\t\t\t\t<span class=\"elementor-button-content-wrapper\">\n\t\t\t\t\t\t\t\t\t<span class=\"elementor-button-text\">T\u00e9l\u00e9charger le PDF<\/span>\n\t\t\t\t\t<\/span>\n\t\t\t\t\t<\/a>\n\t\t\t\t\t\t\t\t<\/div>\n\t\t\t\t<\/div>\n\t\t<div class=\"elementor-element elementor-element-cace63e e-con-full e-flex e-con e-child\" data-id=\"cace63e\" data-element_type=\"container\">\n\t\t\t\t<div class=\"elementor-element elementor-element-7c44b74 elementor-widget elementor-widget-heading\" data-id=\"7c44b74\" data-element_type=\"widget\" data-widget_type=\"heading.default\">\n\t\t\t\t\t<h2 class=\"elementor-heading-title elementor-size-default\">Guide alimentaire canadien \u2013 Recommandations en mati\u00e8re d\u2019alimentation saine\n<\/h2>\t\t\t\t<\/div>\n\t\t\t\t<div class=\"elementor-element elementor-element-6ed2640 elementor-widget elementor-widget-text-editor\" data-id=\"6ed2640\" data-element_type=\"widget\" data-widget_type=\"text-editor.default\">\n\t\t\t\t\t\t\t\t\t<p>Une alimentation saine, c\u2019est bien plus que les aliments que vous consommez. Cela concerne tant la mani\u00e8re dont vous mangez, l\u2019endroit et le moment ou vous mangez, que la raison pour laquelle vous mangez.<\/p>\t\t\t\t\t\t\t\t<\/div>\n\t\t\t\t<div class=\"elementor-element elementor-element-6d0fd03 elementor-align-center elementor-widget elementor-widget-button\" data-id=\"6d0fd03\" data-element_type=\"widget\" data-widget_type=\"button.default\">\n\t\t\t\t\t\t\t\t\t\t<a class=\"elementor-button elementor-button-link elementor-size-sm\" href=\"https:\/\/diabetemonteregie.com\/wp-content\/uploads\/2024\/11\/2-Guide-alimentaire-saine-alimentation.pdf\" target=\"_blank\" rel=\"nofollow\">\n\t\t\t\t\t\t<span class=\"elementor-button-content-wrapper\">\n\t\t\t\t\t\t\t\t\t<span class=\"elementor-button-text\">T\u00e9l\u00e9charger le PDF<\/span>\n\t\t\t\t\t<\/span>\n\t\t\t\t\t<\/a>\n\t\t\t\t\t\t\t\t<\/div>\n\t\t\t\t<\/div>\n\t\t\t\t\t<\/div>\n\t\t\t\t<\/div>\n\t\t<div class=\"elementor-element elementor-element-7a0cefc8 e-flex e-con-boxed e-con e-parent\" data-id=\"7a0cefc8\" data-element_type=\"container\">\n\t\t\t\t\t<div class=\"e-con-inner\">\n\t\t<div class=\"elementor-element elementor-element-40aafa22 e-con-full e-flex e-con e-child\" data-id=\"40aafa22\" data-element_type=\"container\">\n\t\t\t\t<div class=\"elementor-element elementor-element-5a509143 elementor-widget elementor-widget-heading\" data-id=\"5a509143\" data-element_type=\"widget\" data-widget_type=\"heading.default\">\n\t\t\t\t\t<h2 class=\"elementor-heading-title elementor-size-default\">Abonnez-vous \u00e0 notre infolettre gratuite\n<\/h2>\t\t\t\t<\/div>\n\t\t\t\t<div class=\"elementor-element elementor-element-61c07279 elementor-widget elementor-widget-heading\" data-id=\"61c07279\" data-element_type=\"widget\" data-widget_type=\"heading.default\">\n\t\t\t\t\t<span class=\"elementor-heading-title elementor-size-default\">Rejoignez notre communaut\u00e9 et restez inform\u00e9 des derni\u00e8res nouvelles dans le monde du diab\u00e8te avec notre infolettre. Vous b\u00e9n\u00e9ficierez \u00e9galement d'informations pratiques et de messages inspirants de nos partenaires soigneusement s\u00e9lectionn\u00e9s. L'inscription est rapide, facile et gratuite - ne manquez pas cette opportunit\u00e9 d'\u00eatre toujours bien inform\u00e9 et de faire partie d'une communaut\u00e9 dynamique. Inscrivez-vous avec votre adresse courriel d\u00e8s aujourd'hui!\n\n\n<\/span>\t\t\t\t<\/div>\n\t\t\t\t<\/div>\n\t\t<div class=\"elementor-element elementor-element-56bc19f0 e-con-full e-flex e-con e-child\" data-id=\"56bc19f0\" data-element_type=\"container\">\n\t\t\t\t<div class=\"elementor-element elementor-element-6f21b3d5 elementor-button-align-center elementor-widget elementor-widget-form\" data-id=\"6f21b3d5\" data-element_type=\"widget\" data-settings=\"{&quot;step_next_label&quot;:&quot;Suivant&quot;,&quot;step_previous_label&quot;:&quot;Pr\\u00e9c\\u00e9dent&quot;,&quot;button_width&quot;:&quot;100&quot;,&quot;step_type&quot;:&quot;number_text&quot;,&quot;step_icon_shape&quot;:&quot;circle&quot;}\" data-widget_type=\"form.default\">\n\t\t\t\t\t\t\t<form class=\"elementor-form\" method=\"post\" name=\"Nouveau formulaire\" aria-label=\"Nouveau formulaire\" action=\"\">\n\t\t\t<input type=\"hidden\" name=\"post_id\" value=\"251\"\/>\n\t\t\t<input type=\"hidden\" name=\"form_id\" value=\"6f21b3d5\"\/>\n\t\t\t<input type=\"hidden\" name=\"referer_title\" value=\"Alimentation\" \/>\n\n\t\t\t\t\t\t\t<input type=\"hidden\" name=\"queried_id\" value=\"251\"\/>\n\t\t\t\n\t\t\t<div class=\"elementor-form-fields-wrapper elementor-labels-above\">\n\t\t\t\t\t\t\t\t<div class=\"elementor-field-type-text elementor-field-group elementor-column elementor-field-group-name elementor-col-100\">\n\t\t\t\t\t\t\t\t\t\t\t\t\t<input size=\"1\" type=\"text\" name=\"form_fields[name]\" id=\"form-field-name\" class=\"elementor-field elementor-size-sm  elementor-field-textual\" placeholder=\"Pr\u00e9nom\">\n\t\t\t\t\t\t\t\t\t\t\t<\/div>\n\t\t\t\t\t\t\t\t<div class=\"elementor-field-type-text elementor-field-group elementor-column elementor-field-group-field_86203c8 elementor-col-100\">\n\t\t\t\t\t\t\t\t\t\t\t\t\t<input size=\"1\" type=\"text\" name=\"form_fields[field_86203c8]\" id=\"form-field-field_86203c8\" class=\"elementor-field elementor-size-sm  elementor-field-textual\" placeholder=\"Nom\">\n\t\t\t\t\t\t\t\t\t\t\t<\/div>\n\t\t\t\t\t\t\t\t<div class=\"elementor-field-type-email elementor-field-group elementor-column elementor-field-group-email elementor-col-100 elementor-field-required\">\n\t\t\t\t\t\t\t\t\t\t\t\t\t<input size=\"1\" type=\"email\" name=\"form_fields[email]\" id=\"form-field-email\" class=\"elementor-field elementor-size-sm  elementor-field-textual\" placeholder=\"Courriel\" required=\"required\">\n\t\t\t\t\t\t\t\t\t\t\t<\/div>\n\t\t\t\t\t\t\t\t<div class=\"elementor-field-group elementor-column elementor-field-type-submit elementor-col-100 e-form__buttons\">\n\t\t\t\t\t<button class=\"elementor-button elementor-size-sm\" type=\"submit\">\n\t\t\t\t\t\t<span class=\"elementor-button-content-wrapper\">\n\t\t\t\t\t\t\t\t\t\t\t\t\t\t\t\t\t\t\t\t\t\t<span class=\"elementor-button-text\">Envoyer<\/span>\n\t\t\t\t\t\t\t\t\t\t\t\t\t<\/span>\n\t\t\t\t\t<\/button>\n\t\t\t\t<\/div>\n\t\t\t<\/div>\n\t\t<input type=\"hidden\" name=\"trp-form-language\" value=\"en\"\/><\/form>\n\t\t\t\t\t\t<\/div>\n\t\t\t\t<\/div>\n\t\t\t\t\t<\/div>\n\t\t\t\t<\/div>\n\t\t\t\t<\/div>","protected":false},"excerpt":{"rendered":"<p>Alimentation Guide alimentaire \u00e0 indice glyc\u00e9mique L\u2019indice glyc\u00e9mique (IG) est une \u00e9chelle qui classe un aliment ou un boisson contenant des glucides selon l\u2019augmentation de la glyc\u00e9mie apr\u00e8s que cet aliment soit consomm\u00e9. T\u00e9l\u00e9charger le PDF Guide alimentaire canadien \u2013 Bien manger. Bien vivre Savourez une vari\u00e9t\u00e9 d\u2019aliments sains tous les jours. Une alimentation saine, [&hellip;]<\/p>","protected":false},"author":1,"featured_media":0,"parent":0,"menu_order":0,"comment_status":"closed","ping_status":"closed","template":"","meta":{"footnotes":""},"class_list":["post-251","page","type-page","status-publish","hentry"],"_links":{"self":[{"href":"https:\/\/diabetemonteregie.com\/en\/wp-json\/wp\/v2\/pages\/251","targetHints":{"allow":["GET"]}}],"collection":[{"href":"https:\/\/diabetemonteregie.com\/en\/wp-json\/wp\/v2\/pages"}],"about":[{"href":"https:\/\/diabetemonteregie.com\/en\/wp-json\/wp\/v2\/types\/page"}],"author":[{"embeddable":true,"href":"https:\/\/diabetemonteregie.com\/en\/wp-json\/wp\/v2\/users\/1"}],"replies":[{"embeddable":true,"href":"https:\/\/diabetemonteregie.com\/en\/wp-json\/wp\/v2\/comments?post=251"}],"version-history":[{"count":32,"href":"https:\/\/diabetemonteregie.com\/en\/wp-json\/wp\/v2\/pages\/251\/revisions"}],"predecessor-version":[{"id":834,"href":"https:\/\/diabetemonteregie.com\/en\/wp-json\/wp\/v2\/pages\/251\/revisions\/834"}],"wp:attachment":[{"href":"https:\/\/diabetemonteregie.com\/en\/wp-json\/wp\/v2\/media?parent=251"}],"curies":[{"name":"wp","href":"https:\/\/api.w.org\/{rel}","templated":true}]}}