{"id":223,"date":"2024-11-01T16:30:52","date_gmt":"2024-11-01T20:30:52","guid":{"rendered":"https:\/\/diabetemonteregie.com\/?page_id=223"},"modified":"2025-09-17T23:11:21","modified_gmt":"2025-09-18T03:11:21","slug":"rabais-exclusif-soscuisine-com","status":"publish","type":"page","link":"https:\/\/diabetemonteregie.com\/en\/rabais-exclusif-soscuisine-com\/","title":{"rendered":"Rabais exclusif SOScuisine.com"},"content":{"rendered":"<div data-elementor-type=\"wp-page\" data-elementor-id=\"223\" class=\"elementor elementor-223\" data-elementor-post-type=\"page\">\n\t\t\t\t<div class=\"elementor-element elementor-element-aaf7fb8 e-flex e-con-boxed elementor-invisible e-con e-parent\" data-id=\"aaf7fb8\" data-element_type=\"container\" data-settings=\"{&quot;animation&quot;:&quot;fadeIn&quot;}\">\n\t\t\t\t\t<div class=\"e-con-inner\">\n\t\t<div class=\"elementor-element elementor-element-3f88a22c e-con-full e-flex e-con e-child\" data-id=\"3f88a22c\" data-element_type=\"container\">\n\t\t\t\t<div class=\"elementor-element elementor-element-448610be elementor-widget elementor-widget-heading\" data-id=\"448610be\" data-element_type=\"widget\" data-widget_type=\"heading.default\">\n\t\t\t\t\t<h2 class=\"elementor-heading-title elementor-size-default\">Rabais exclusif SOScuisine.com\n<\/h2>\t\t\t\t<\/div>\n\t\t\t\t<\/div>\n\t\t<div class=\"elementor-element elementor-element-5094d34c e-con-full e-flex e-con e-child\" data-id=\"5094d34c\" data-element_type=\"container\">\n\t\t\t\t<div class=\"elementor-element elementor-element-507e9f2 elementor-widget elementor-widget-image\" data-id=\"507e9f2\" data-element_type=\"widget\" data-widget_type=\"image.default\">\n\t\t\t\t\t\t\t\t\t\t\t\t\t\t\t<img fetchpriority=\"high\" decoding=\"async\" width=\"500\" height=\"333\" src=\"https:\/\/diabetemonteregie.com\/wp-content\/uploads\/2024\/11\/soscuisine.com_.png\" class=\"attachment-large size-large wp-image-225\" alt=\"\" srcset=\"https:\/\/diabetemonteregie.com\/wp-content\/uploads\/2024\/11\/soscuisine.com_.png 500w, https:\/\/diabetemonteregie.com\/wp-content\/uploads\/2024\/11\/soscuisine.com_-300x200.png 300w\" sizes=\"(max-width: 500px) 100vw, 500px\" \/>\t\t\t\t\t\t\t\t\t\t\t\t\t\t\t<\/div>\n\t\t\t\t<\/div>\n\t\t\t\t\t<\/div>\n\t\t\t\t<\/div>\n\t\t<div class=\"elementor-element elementor-element-15447b00 e-flex e-con-boxed e-con e-parent\" data-id=\"15447b00\" data-element_type=\"container\">\n\t\t\t\t\t<div class=\"e-con-inner\">\n\t\t<div class=\"elementor-element elementor-element-23bf79d1 e-con-full e-flex e-con e-child\" data-id=\"23bf79d1\" data-element_type=\"container\">\n\t\t\t\t<div class=\"elementor-element elementor-element-44369665 elementor-widget elementor-widget-heading\" data-id=\"44369665\" data-element_type=\"widget\" data-widget_type=\"heading.default\">\n\t\t\t\t\t<h2 class=\"elementor-heading-title elementor-size-default\">Renversez votre diab\u00e8te, r\u00e9galez-vous et \u00e9conomisez gros !\n<\/h2>\t\t\t\t<\/div>\n\t\t\t\t<div class=\"elementor-element elementor-element-662bc40 elementor-widget elementor-widget-text-editor\" data-id=\"662bc40\" data-element_type=\"widget\" data-widget_type=\"text-editor.default\">\n\t\t\t\t\t\t\t\t\t<ul><li>Gr\u00e2ce \u00e0 Diab\u00e8te Mont\u00e9r\u00e9gie, vous pouvez profiter du service de menus adapt\u00e9s de SOScuisine.com avec un\u00a0<strong>rabais exclusif !<\/strong><\/li><li>Recevez chaque semaine un menu-sant\u00e9 adapt\u00e9 aux besoins et pr\u00e9f\u00e9rences de votre famille, pour les repas que vous voulez, selon les aubaines en circulaire et les produits frais du moment<\/li><li>Inclut toutes les recettes, la liste d\u2019\u00e9picerie et le guide de pr\u00e9paration pour minimiser le temps en cuisine !<\/li><li>Avec plein d\u2019outils intelligents pour vous faire \u00e9conomiser gros sur votre \u00e9picerie, semaine apr\u00e8s semaine<\/li><li>Le seul service assez fiable et rigoureux pour \u00eatre recommand\u00e9 par le CHUM, l\u2019Institut de cardiologie de Montr\u00e9al et les M\u00e9decins francophones du Canada<\/li><li>15 ans d\u2019existence et des centaines de miliers d\u2019abon\u00e9s satisfaits<\/li><li>100% fait au Qu\u00e9bec<\/li><\/ul>\t\t\t\t\t\t\t\t<\/div>\n\t\t\t\t<div class=\"elementor-element elementor-element-e2fb765 elementor-widget elementor-widget-text-editor\" data-id=\"e2fb765\" data-element_type=\"widget\" data-widget_type=\"text-editor.default\">\n\t\t\t\t\t\t\t\t\t<div class=\"fl-module fl-module-rich-text fl-node-61152d86bdfdf\" data-node=\"61152d86bdfdf\"><div class=\"fl-module-content fl-node-content\"><div class=\"fl-rich-text\"><p>Consultations individuelles avec nutritionniste dans le confort de votre foyer disponibles en option<\/p><\/div><\/div><\/div><div class=\"fl-module fl-module-heading fl-node-61169cbbd06ab\" data-node=\"61169cbbd06ab\"><div class=\"fl-module-content fl-node-content\">\u00a0<\/div><\/div>\t\t\t\t\t\t\t\t<\/div>\n\t\t\t\t<\/div>\n\t\t<div class=\"elementor-element elementor-element-33efe150 e-con-full e-flex e-con e-child\" data-id=\"33efe150\" data-element_type=\"container\">\n\t\t\t\t<div class=\"elementor-element elementor-element-4deff4c elementor-widget elementor-widget-heading\" data-id=\"4deff4c\" data-element_type=\"widget\" data-widget_type=\"heading.default\">\n\t\t\t\t\t<h2 class=\"elementor-heading-title elementor-size-default\">Cette offre vous int\u00e9resse ?\n<\/h2>\t\t\t\t<\/div>\n\t\t\t\t<div class=\"elementor-element elementor-element-7a6a963 elementor-widget elementor-widget-text-editor\" data-id=\"7a6a963\" data-element_type=\"widget\" data-widget_type=\"text-editor.default\">\n\t\t\t\t\t\t\t\t\t<div class=\"uabb-infobox-text uabb-text-editor\"><p>Faire partie de Diab\u00e8te\u00a0 Mont\u00e9r\u00e9gie a de nombreux b\u00e9n\u00e9fices.\u00a0<\/p><p><span style=\"background-color: inherit; color: var( --e-global-color-text ); text-align: var(--text-align);\">Devenez membre SOScuisine afin de b\u00e9n\u00e9ficier de cette offre.<\/span><\/p><\/div><div class=\"uabb-infobox-button\">\u00a0<\/div>\t\t\t\t\t\t\t\t<\/div>\n\t\t\t\t<div class=\"elementor-element elementor-element-08b6d0d elementor-widget elementor-widget-button\" data-id=\"08b6d0d\" data-element_type=\"widget\" data-widget_type=\"button.default\">\n\t\t\t\t\t\t\t\t\t\t<a class=\"elementor-button elementor-button-link elementor-size-sm elementor-animation-float\" href=\"https:\/\/www.soscuisine.com\/?lang=fr\" target=\"_blank\">\n\t\t\t\t\t\t<span class=\"elementor-button-content-wrapper\">\n\t\t\t\t\t\t\t\t\t<span class=\"elementor-button-text\">Visitez SOScuisine.com<\/span>\n\t\t\t\t\t<\/span>\n\t\t\t\t\t<\/a>\n\t\t\t\t\t\t\t\t<\/div>\n\t\t\t\t<\/div>\n\t\t\t\t\t<\/div>\n\t\t\t\t<\/div>\n\t\t<div class=\"elementor-element elementor-element-7775edcf e-flex e-con-boxed e-con e-parent\" data-id=\"7775edcf\" data-element_type=\"container\">\n\t\t\t\t\t<div class=\"e-con-inner\">\n\t\t<div class=\"elementor-element elementor-element-2c2b50f7 e-con-full e-flex e-con e-child\" data-id=\"2c2b50f7\" data-element_type=\"container\">\n\t\t\t\t<div class=\"elementor-element elementor-element-3c91481 elementor-widget elementor-widget-heading\" data-id=\"3c91481\" data-element_type=\"widget\" data-widget_type=\"heading.default\">\n\t\t\t\t\t<h2 class=\"elementor-heading-title elementor-size-default\">Abonnez-vous \u00e0 notre infolettre gratuite\n<\/h2>\t\t\t\t<\/div>\n\t\t\t\t<div class=\"elementor-element elementor-element-60c277eb elementor-widget elementor-widget-heading\" data-id=\"60c277eb\" data-element_type=\"widget\" data-widget_type=\"heading.default\">\n\t\t\t\t\t<span class=\"elementor-heading-title elementor-size-default\">Rejoignez notre communaut\u00e9 et restez inform\u00e9 des derni\u00e8res nouvelles dans le monde du diab\u00e8te avec notre infolettre. Vous b\u00e9n\u00e9ficierez \u00e9galement d'informations pratiques et de messages inspirants de nos partenaires soigneusement s\u00e9lectionn\u00e9s. L'inscription est rapide, facile et gratuite - ne manquez pas cette opportunit\u00e9 d'\u00eatre toujours bien inform\u00e9 et de faire partie d'une communaut\u00e9 dynamique. Inscrivez-vous avec votre adresse courriel d\u00e8s aujourd'hui!\n\n\n<\/span>\t\t\t\t<\/div>\n\t\t\t\t<\/div>\n\t\t<div class=\"elementor-element elementor-element-4b9d9d6 e-con-full e-flex e-con e-child\" data-id=\"4b9d9d6\" data-element_type=\"container\">\n\t\t\t\t<div class=\"elementor-element elementor-element-2ca39a14 elementor-button-align-center elementor-widget elementor-widget-form\" data-id=\"2ca39a14\" data-element_type=\"widget\" data-settings=\"{&quot;step_next_label&quot;:&quot;Suivant&quot;,&quot;step_previous_label&quot;:&quot;Pr\\u00e9c\\u00e9dent&quot;,&quot;button_width&quot;:&quot;100&quot;,&quot;step_type&quot;:&quot;number_text&quot;,&quot;step_icon_shape&quot;:&quot;circle&quot;}\" data-widget_type=\"form.default\">\n\t\t\t\t\t\t\t<form class=\"elementor-form\" method=\"post\" name=\"Nouveau formulaire\" aria-label=\"Nouveau formulaire\" action=\"\">\n\t\t\t<input type=\"hidden\" name=\"post_id\" value=\"223\"\/>\n\t\t\t<input type=\"hidden\" name=\"form_id\" value=\"2ca39a14\"\/>\n\t\t\t<input type=\"hidden\" name=\"referer_title\" value=\"Rabais exclusif SOScuisine.com\" \/>\n\n\t\t\t\t\t\t\t<input type=\"hidden\" name=\"queried_id\" value=\"223\"\/>\n\t\t\t\n\t\t\t<div class=\"elementor-form-fields-wrapper elementor-labels-above\">\n\t\t\t\t\t\t\t\t<div class=\"elementor-field-type-text elementor-field-group elementor-column elementor-field-group-name elementor-col-100\">\n\t\t\t\t\t\t\t\t\t\t\t\t\t<input size=\"1\" type=\"text\" name=\"form_fields[name]\" id=\"form-field-name\" class=\"elementor-field elementor-size-sm  elementor-field-textual\" placeholder=\"Pr\u00e9nom\">\n\t\t\t\t\t\t\t\t\t\t\t<\/div>\n\t\t\t\t\t\t\t\t<div class=\"elementor-field-type-text elementor-field-group elementor-column elementor-field-group-field_86203c8 elementor-col-100\">\n\t\t\t\t\t\t\t\t\t\t\t\t\t<input size=\"1\" type=\"text\" name=\"form_fields[field_86203c8]\" id=\"form-field-field_86203c8\" class=\"elementor-field elementor-size-sm  elementor-field-textual\" placeholder=\"Nom\">\n\t\t\t\t\t\t\t\t\t\t\t<\/div>\n\t\t\t\t\t\t\t\t<div class=\"elementor-field-type-email elementor-field-group elementor-column elementor-field-group-email elementor-col-100 elementor-field-required\">\n\t\t\t\t\t\t\t\t\t\t\t\t\t<input size=\"1\" type=\"email\" name=\"form_fields[email]\" id=\"form-field-email\" class=\"elementor-field elementor-size-sm  elementor-field-textual\" placeholder=\"Courriel\" required=\"required\">\n\t\t\t\t\t\t\t\t\t\t\t<\/div>\n\t\t\t\t\t\t\t\t<div class=\"elementor-field-group elementor-column elementor-field-type-submit elementor-col-100 e-form__buttons\">\n\t\t\t\t\t<button class=\"elementor-button elementor-size-sm\" type=\"submit\">\n\t\t\t\t\t\t<span class=\"elementor-button-content-wrapper\">\n\t\t\t\t\t\t\t\t\t\t\t\t\t\t\t\t\t\t\t\t\t\t<span class=\"elementor-button-text\">Envoyer<\/span>\n\t\t\t\t\t\t\t\t\t\t\t\t\t<\/span>\n\t\t\t\t\t<\/button>\n\t\t\t\t<\/div>\n\t\t\t<\/div>\n\t\t<input type=\"hidden\" name=\"trp-form-language\" value=\"en\"\/><\/form>\n\t\t\t\t\t\t<\/div>\n\t\t\t\t<\/div>\n\t\t\t\t\t<\/div>\n\t\t\t\t<\/div>\n\t\t\t\t<\/div>","protected":false},"excerpt":{"rendered":"<p>Rabais exclusif SOScuisine.com Renversez votre diab\u00e8te, r\u00e9galez-vous et \u00e9conomisez gros ! Gr\u00e2ce \u00e0 Diab\u00e8te Mont\u00e9r\u00e9gie, vous pouvez profiter du service de menus adapt\u00e9s de SOScuisine.com avec un\u00a0rabais exclusif ! Recevez chaque semaine un menu-sant\u00e9 adapt\u00e9 aux besoins et pr\u00e9f\u00e9rences de votre famille, pour les repas que vous voulez, selon les aubaines en circulaire et les [&hellip;]<\/p>","protected":false},"author":1,"featured_media":0,"parent":0,"menu_order":0,"comment_status":"closed","ping_status":"closed","template":"","meta":{"footnotes":""},"class_list":["post-223","page","type-page","status-publish","hentry"],"_links":{"self":[{"href":"https:\/\/diabetemonteregie.com\/en\/wp-json\/wp\/v2\/pages\/223","targetHints":{"allow":["GET"]}}],"collection":[{"href":"https:\/\/diabetemonteregie.com\/en\/wp-json\/wp\/v2\/pages"}],"about":[{"href":"https:\/\/diabetemonteregie.com\/en\/wp-json\/wp\/v2\/types\/page"}],"author":[{"embeddable":true,"href":"https:\/\/diabetemonteregie.com\/en\/wp-json\/wp\/v2\/users\/1"}],"replies":[{"embeddable":true,"href":"https:\/\/diabetemonteregie.com\/en\/wp-json\/wp\/v2\/comments?post=223"}],"version-history":[{"count":31,"href":"https:\/\/diabetemonteregie.com\/en\/wp-json\/wp\/v2\/pages\/223\/revisions"}],"predecessor-version":[{"id":793,"href":"https:\/\/diabetemonteregie.com\/en\/wp-json\/wp\/v2\/pages\/223\/revisions\/793"}],"wp:attachment":[{"href":"https:\/\/diabetemonteregie.com\/en\/wp-json\/wp\/v2\/media?parent=223"}],"curies":[{"name":"wp","href":"https:\/\/api.w.org\/{rel}","templated":true}]}}