{"id":1172,"date":"2026-02-18T13:46:36","date_gmt":"2026-02-18T18:46:36","guid":{"rendered":"https:\/\/diabetemonteregie.com\/?page_id=1172"},"modified":"2026-02-26T09:52:51","modified_gmt":"2026-02-26T14:52:51","slug":"adhesion-membre-1-an-test","status":"publish","type":"page","link":"https:\/\/diabetemonteregie.com\/en\/adhesion-membre-1-an-test\/","title":{"rendered":"Devenez membre de Diab\u00e8te Mont\u00e9r\u00e9gie"},"content":{"rendered":"<div data-elementor-type=\"wp-page\" data-elementor-id=\"1172\" class=\"elementor elementor-1172\" data-elementor-post-type=\"page\">\n\t\t\t\t<div class=\"elementor-element elementor-element-ce6da17 e-flex e-con-boxed e-con e-parent\" data-id=\"ce6da17\" data-element_type=\"container\">\n\t\t\t\t\t<div class=\"e-con-inner\">\n\t\t\t\t<div class=\"elementor-element elementor-element-74fb7ef elementor-widget elementor-widget-heading\" data-id=\"74fb7ef\" data-element_type=\"widget\" data-widget_type=\"heading.default\">\n\t\t\t\t\t<h2 class=\"elementor-heading-title elementor-size-default\">\ud83d\uddd3 Programme \u2013 Membres Associ\u00e9s<\/h2>\t\t\t\t<\/div>\n\t\t\t\t<div class=\"elementor-element elementor-element-723b34f elementor-widget elementor-widget-text-editor\" data-id=\"723b34f\" data-element_type=\"widget\" data-widget_type=\"text-editor.default\">\n\t\t\t\t\t\t\t\t\t<p data-start=\"168\" data-end=\"202\"><strong data-start=\"168\" data-end=\"202\">En vigueur le 1\u1d49\u02b3 janvier 2026<\/strong><\/p><p data-start=\"231\" data-end=\"355\">Devenir <strong data-start=\"239\" data-end=\"257\">Membre Associ\u00e9<\/strong> vous permet de participer activement \u00e0 la vie de notre association et de contribuer \u00e0 sa mission.<\/p><p data-start=\"357\" data-end=\"488\">L\u2019adh\u00e9sion est valide du <strong data-start=\"382\" data-end=\"417\">1\u1d49\u02b3 janvier au 31 d\u00e9cembre de chaque ann\u00e9e<\/strong>, au co\u00fbt de <strong data-start=\"430\" data-end=\"448\">20 $ par ann\u00e9e<\/strong>, avec renouvellement annuel le 1\u1d49\u02b3 janvier.<\/p>\t\t\t\t\t\t\t\t<\/div>\n\t\t\t\t<div class=\"elementor-element elementor-element-7042862 elementor-widget elementor-widget-heading\" data-id=\"7042862\" data-element_type=\"widget\" data-widget_type=\"heading.default\">\n\t\t\t\t\t<h2 class=\"elementor-heading-title elementor-size-default\">\ud83d\udcb3 Comment \u00e7a fonctionne ?<\/h2>\t\t\t\t<\/div>\n\t\t\t\t<div class=\"elementor-element elementor-element-e6bbfdb elementor-widget elementor-widget-text-editor\" data-id=\"e6bbfdb\" data-element_type=\"widget\" data-widget_type=\"text-editor.default\">\n\t\t\t\t\t\t\t\t\t<ol data-start=\"719\" data-end=\"843\"><li data-start=\"719\" data-end=\"756\"><p data-start=\"722\" data-end=\"756\">Cliquez sur le bouton ci-dessous<\/p><\/li><li data-start=\"757\" data-end=\"785\"><p data-start=\"760\" data-end=\"785\">Entrez vos informations<\/p><\/li><li data-start=\"786\" data-end=\"824\"><p data-start=\"789\" data-end=\"824\">Effectuez votre paiement s\u00e9curis\u00e9<\/p><\/li><li data-start=\"825\" data-end=\"843\"><p data-start=\"828\" data-end=\"843\">C\u2019est termin\u00e9 !<\/p><\/li><\/ol><p data-start=\"845\" data-end=\"887\">Vous recevrez un courriel de confirmation.<\/p>\t\t\t\t\t\t\t\t<\/div>\n\t\t\t\t<div class=\"elementor-element elementor-element-7e4fa54 elementor-widget elementor-widget-button\" data-id=\"7e4fa54\" data-element_type=\"widget\" data-widget_type=\"button.default\">\n\t\t\t\t\t\t\t\t\t\t<a class=\"elementor-button elementor-button-link elementor-size-sm elementor-animation-grow\" href=\"https:\/\/diabetemonteregie.com\/en\/commander\/?add-to-cart=1143\">\n\t\t\t\t\t\t<span class=\"elementor-button-content-wrapper\">\n\t\t\t\t\t\t\t\t\t<span class=\"elementor-button-text\">Devenir membre \/ Renouveler mon adh\u00e9sion<\/span>\n\t\t\t\t\t<\/span>\n\t\t\t\t\t<\/a>\n\t\t\t\t\t\t\t\t<\/div>\n\t\t\t\t\t<\/div>\n\t\t\t\t<\/div>\n\t\t\t\t<\/div>","protected":false},"excerpt":{"rendered":"<p>\ud83d\uddd3 Programme \u2013 Membres Associ\u00e9s En vigueur le 1\u1d49\u02b3 janvier 2026 Devenir Membre Associ\u00e9 vous permet de participer activement \u00e0 la vie de notre association et de contribuer \u00e0 sa mission. L\u2019adh\u00e9sion est valide du 1\u1d49\u02b3 janvier au 31 d\u00e9cembre de chaque ann\u00e9e, au co\u00fbt de 20 $ par ann\u00e9e, avec renouvellement annuel le 1\u1d49\u02b3 [&hellip;]<\/p>","protected":false},"author":1,"featured_media":0,"parent":0,"menu_order":0,"comment_status":"closed","ping_status":"closed","template":"","meta":{"footnotes":""},"class_list":["post-1172","page","type-page","status-publish","hentry"],"_links":{"self":[{"href":"https:\/\/diabetemonteregie.com\/en\/wp-json\/wp\/v2\/pages\/1172","targetHints":{"allow":["GET"]}}],"collection":[{"href":"https:\/\/diabetemonteregie.com\/en\/wp-json\/wp\/v2\/pages"}],"about":[{"href":"https:\/\/diabetemonteregie.com\/en\/wp-json\/wp\/v2\/types\/page"}],"author":[{"embeddable":true,"href":"https:\/\/diabetemonteregie.com\/en\/wp-json\/wp\/v2\/users\/1"}],"replies":[{"embeddable":true,"href":"https:\/\/diabetemonteregie.com\/en\/wp-json\/wp\/v2\/comments?post=1172"}],"version-history":[{"count":43,"href":"https:\/\/diabetemonteregie.com\/en\/wp-json\/wp\/v2\/pages\/1172\/revisions"}],"predecessor-version":[{"id":1269,"href":"https:\/\/diabetemonteregie.com\/en\/wp-json\/wp\/v2\/pages\/1172\/revisions\/1269"}],"wp:attachment":[{"href":"https:\/\/diabetemonteregie.com\/en\/wp-json\/wp\/v2\/media?parent=1172"}],"curies":[{"name":"wp","href":"https:\/\/api.w.org\/{rel}","templated":true}]}}